{"id":112,"date":"2016-05-18T10:28:17","date_gmt":"2016-05-18T09:28:17","guid":{"rendered":"http:\/\/www.clic-chanteraine.com\/?page_id=112"},"modified":"2020-12-14T23:06:22","modified_gmt":"2020-12-14T22:06:22","slug":"le-numeriseur-de-diapositives","status":"publish","type":"page","link":"http:\/\/www.clic-chanteraine.com\/wordpress\/?page_id=112","title":{"rendered":"Le num\u00e9riseur de diapositives"},"content":{"rendered":"<h3><span style=\"color: #008000;\">Un petit outil bien sympathique !<\/span><\/h3>\n<p><img decoding=\"async\" loading=\"lazy\" class=\"size-medium wp-image-969 alignleft\" src=\"http:\/\/www.clic-chanteraine.com\/wp-content\/uploads\/2016\/05\/num\u00e9riseur_diapos-300x167.png\" alt=\"num\u00e9riseur_diapos\" width=\"300\" height=\"167\" srcset=\"http:\/\/www.clic-chanteraine.com\/wordpress\/wp-content\/uploads\/2016\/05\/num\u00e9riseur_diapos-300x167.png 300w, http:\/\/www.clic-chanteraine.com\/wordpress\/wp-content\/uploads\/2016\/05\/num\u00e9riseur_diapos-768x428.png 768w, http:\/\/www.clic-chanteraine.com\/wordpress\/wp-content\/uploads\/2016\/05\/num\u00e9riseur_diapos-1024x571.png 1024w, http:\/\/www.clic-chanteraine.com\/wordpress\/wp-content\/uploads\/2016\/05\/num\u00e9riseur_diapos.png 1712w\" sizes=\"(max-width: 300px) 100vw, 300px\" \/>Depuis que le num\u00e9rique a pris la place de l&#8217;argentique, en mati\u00e8re de photographie, l&#8217;usage du projecteur de diapositive est peu \u00e0 peu tomb\u00e9 dans les oubliettes, toutes les photos \u00e9tant d\u00e9sormais sur la tablette, le t\u00e9l\u00e9phone portable ou sur l&#8217;ordinateur.<\/p>\n<p>Mais beaucoup d&#8217;entre nous, du temps de l&#8217;argentique, avaient r\u00e9alis\u00e9 une grande quantit\u00e9 de diapositives. Le co\u00fbt et la qualit\u00e9 \u00e9taient alors tr\u00e8s int\u00e9ressants. Si le scanner, disponible sur presque toutes les imprimantes dites &#8220;all in one&#8221; convient parfaitement \u00e0 la num\u00e9risation des photos papier, il n&#8217;en est pas tout \u00e0 fait de m\u00eame pour nos diapositives. Certains proposaient bien des cadres plus ou moins bien adapt\u00e9s mais le travail de num\u00e9risation \u00e9tait lent fastidieux et la qualit\u00e9 du r\u00e9sultat pas toujours au rendez-vous.<\/p>\n<p>CliC propose \u00e0 ses adh\u00e9rents, et c&#8217;est le deuxi\u00e8me mod\u00e8le du genre, un appareil d\u00e9di\u00e9 \u00e0 la num\u00e9risation des diapositives. Il est d&#8217;une simplicit\u00e9 d&#8217;utilisation exemplaire et fait un travail remarquable en un clic d\u2019\u0153il (quelques secondes pour num\u00e9riser une diapositive). Il est pr\u00eat\u00e9 gratuitement \u00e0 tout membre qui en fait la demande.<\/p>\n","protected":false},"excerpt":{"rendered":"<p>Un petit outil bien sympathique ! Depuis que le num\u00e9rique a pris la place de l&#8217;argentique, en mati\u00e8re de photographie, l&#8217;usage du projecteur de diapositive est peu \u00e0 peu tomb\u00e9 dans les oubliettes, toutes les photos \u00e9tant d\u00e9sormais sur la tablette, le t\u00e9l\u00e9phone portable ou <a class=\"more-link\" href=\"http:\/\/www.clic-chanteraine.com\/wordpress\/?page_id=112\">Lire plus &#8230;<\/a><\/p>\n","protected":false},"author":1,"featured_media":0,"parent":0,"menu_order":0,"comment_status":"closed","ping_status":"closed","template":"","meta":{"_bbp_topic_count":0,"_bbp_reply_count":0,"_bbp_total_topic_count":0,"_bbp_total_reply_count":0,"_bbp_voice_count":0,"_bbp_anonymous_reply_count":0,"_bbp_topic_count_hidden":0,"_bbp_reply_count_hidden":0,"_bbp_forum_subforum_count":0},"_links":{"self":[{"href":"http:\/\/www.clic-chanteraine.com\/wordpress\/index.php?rest_route=\/wp\/v2\/pages\/112"}],"collection":[{"href":"http:\/\/www.clic-chanteraine.com\/wordpress\/index.php?rest_route=\/wp\/v2\/pages"}],"about":[{"href":"http:\/\/www.clic-chanteraine.com\/wordpress\/index.php?rest_route=\/wp\/v2\/types\/page"}],"author":[{"embeddable":true,"href":"http:\/\/www.clic-chanteraine.com\/wordpress\/index.php?rest_route=\/wp\/v2\/users\/1"}],"replies":[{"embeddable":true,"href":"http:\/\/www.clic-chanteraine.com\/wordpress\/index.php?rest_route=%2Fwp%2Fv2%2Fcomments&post=112"}],"version-history":[{"count":7,"href":"http:\/\/www.clic-chanteraine.com\/wordpress\/index.php?rest_route=\/wp\/v2\/pages\/112\/revisions"}],"predecessor-version":[{"id":3440,"href":"http:\/\/www.clic-chanteraine.com\/wordpress\/index.php?rest_route=\/wp\/v2\/pages\/112\/revisions\/3440"}],"wp:attachment":[{"href":"http:\/\/www.clic-chanteraine.com\/wordpress\/index.php?rest_route=%2Fwp%2Fv2%2Fmedia&parent=112"}],"curies":[{"name":"wp","href":"https:\/\/api.w.org\/{rel}","templated":true}]}}