{"id":114,"date":"2016-05-18T10:28:33","date_gmt":"2016-05-18T09:28:33","guid":{"rendered":"http:\/\/www.clic-chanteraine.com\/?page_id=114"},"modified":"2016-09-06T18:09:21","modified_gmt":"2016-09-06T17:09:21","slug":"le-videoprojecteur","status":"publish","type":"page","link":"http:\/\/www.clic-chanteraine.com\/wordpress\/?page_id=114","title":{"rendered":"Le vid\u00e9oprojecteur"},"content":{"rendered":"<h3><img decoding=\"async\" loading=\"lazy\" class=\"alignleft wp-image-666 size-full\" src=\"http:\/\/www.clic-chanteraine.com\/wordpress\/wp-content\/uploads\/2016\/05\/acer-h6510.png\" alt=\"acer h6510\" width=\"620\" height=\"349\" srcset=\"http:\/\/www.clic-chanteraine.com\/wordpress\/wp-content\/uploads\/2016\/05\/acer-h6510.png 620w, http:\/\/www.clic-chanteraine.com\/wordpress\/wp-content\/uploads\/2016\/05\/acer-h6510-300x169.png 300w, http:\/\/www.clic-chanteraine.com\/wordpress\/wp-content\/uploads\/2016\/05\/acer-h6510-350x197.png 350w\" sizes=\"(max-width: 620px) 100vw, 620px\" \/><\/h3>\n<h2><span style=\"color: #339966;\">Notre vid\u00e9oprojecteur est un ACER H6510 BD<\/span><\/h2>\n<h3>Pr\u00e9sentation<\/h3>\n<div id=\"intelliTxt\" class=\"p\">\n<div align=\"justify\">Achet\u00e9 en 2013, en remplacement d&#8217;un mod\u00e8le EPSON, le vid\u00e9oprojecteur choisi par la communaut\u00e9 de communes est un ACER H6510BD. Les crit\u00e8res principaux pour le choix \u00e9taient le budget (moins de 800\u20ac) et la r\u00e9solution (1920&#215;1080 soit le Full HD). Petit projecteur DLP 3D Ready full HD, le H6510BD\u00a0 est \u00e9quip\u00e9 d&#8217;une puce Texas instrument de r\u00e9solution 1920&#215;1080 en Dark Chip 3. C&#8217;est \u00e9galement un projecteur 3D puisqu&#8217;il est compatible avec les signaux DLP-Link 3D. Il s&#8217;agit d&#8217;une technologie qui ne n\u00e9cessite aucun \u00e9metteur pour synchroniser des lunettes sp\u00e9ciales, le projecteur \u00e9met un flash blanc (ou rouge) que le r\u00e9cepteur des lunettes DLP Link capte pour se synchroniser et afficher une image sur 3 dimensions.<\/div>\n<div><img decoding=\"async\" class=\"alignright\" title=\"Acer H6510BD\" src=\"http:\/\/www.audiovideohd.fr\/i\/imgs\/18103-2.jpg\" alt=\"Acer H6510BD\" \/><\/div>\n<div align=\"justify\">\n<p>Le H6510BD poss\u00e8de \u00e9galement la certification 3D vision de <a class=\"tag\" href=\"http:\/\/www.audiovideohd.fr\/marque-Nvidia\/\" rel=\"tag\"><u><span style=\"color: #0066cc;\">Nvidia<\/span><\/u><\/a> que ce soit par le biais de la solution g\u00e9n\u00e9raliste <a class=\"tag\" href=\"http:\/\/www.audiovideohd.fr\/produit-3D-TV\/\" rel=\"tag\"><u><span style=\"color: #0066cc;\">3D TV<\/span><\/u><\/a> Play, gage d&#8217;une image sur 3 dimensions d\u00e9barrass\u00e9e de toute trace de d\u00e9doublement.<\/p>\n<p>La garantie du projecteur est actuellement de 2 ann\u00e9es sur le projecteur et d&#8217; une ann\u00e9e sur la lampe (R\u00e9f\u00e9rence lampe OSRAM\u00a0 \u00e0 282 euros). Sa dur\u00e9e de vie est annonc\u00e9e \u00e0 4000 heures en mode normal et 5000 heures en mode \u00e9conomique.<\/p>\n<\/div>\n<h3>Installation<\/h3>\n<div align=\"justify\">Entr\u00e9e de gamme et petit prix sont souvent synonymes pour un projecteur DLP d&#8217;absence de motorisation de l&#8217;objectif (zoom ou nettet\u00e9) et de lens-shift pour faciliter le positionnement de l&#8217;appareil dans votre salle de projection. Le projecteur est \u00e9quip\u00e9 d&#8217;une optique avec un rapport de zoom de 1.55. Pour obtenir une base d&#8217;\u00e9cran de 2 m\u00e8tres, il vous faudra un recul compris entre 2 m\u00e8tres 30 et 3 m\u00e8tres et pour une base de 2 m\u00e8tres 50, une distance minimum de 2 m\u00e8tres 87 et maximum de 3 m\u00e8tres 75. Le calculateur en ligne de la marque est disponible <a href=\"http:\/\/www.acer.fr\/ac\/fr\/FR\/content\/acer-projection-calculator\" target=\"_parent\"><u><span style=\"color: #0066cc;\">ici<\/span><\/u><\/a>.<\/div>\n<div align=\"justify\">Les commandes manuelles de zoom et focus sont positionn\u00e9es sur le haut de la coque de l&#8217;appareil. Le refroidissement de la lampe s&#8217;effectue par des ouvertures frontales et arri\u00e8res.<\/div>\n<h3>L&#8217;appareil<\/h3>\n<div><img decoding=\"async\" class=\"alignleft\" title=\"Acer H6510BD\" src=\"http:\/\/www.audiovideohd.fr\/i\/imgs\/18104-2.jpg\" alt=\"Acer H6510BD\" \/><\/div>\n<div align=\"justify\">\n<p>La coque laqu\u00e9e blanche donne une tr\u00e8s bonne impression de finition. Elle est ouverte sur les c\u00f4t\u00e9s pour l&#8217;extraction et l&#8217;alimentation en air. Ces ouvertures cons\u00e9quentes laissent \u00e9galement passer un la lumi\u00e8re de lampe. Le dessus de la coque comprend un panneau de commandes.<\/p>\n<p>La connectique est compl\u00e8te avec deux prises HDMI 1.4. Nous trouvons \u00e9galement une prise composante, une entr\u00e9e VGA compatible RGB, une entr\u00e9e composite et une prise S-Vid\u00e9o. Deux prises audio sont pr\u00e9sentes, une entr\u00e9e et une sortie. Le projecteur est \u00e9quip\u00e9 d&#8217;un petit haut-parleur qui permet d&#8217;emporter l&#8217;appareil en vue d&#8217;une utilisation nomade.<\/p>\n<\/div>\n<div><img decoding=\"async\" class=\"alignright\" title=\"Acer H6510BD\" src=\"http:\/\/www.audiovideohd.fr\/i\/imgs\/18105-2.jpg\" alt=\"Acer H6510BD\" \/><\/div>\n<h3><\/h3>\n<h3>La t\u00e9l\u00e9commande\u00a0:<\/h3>\n<div align=\"justify\">B\u00e9n\u00e9ficiant d&#8217;un rayon d&#8217;action restreint (on peste quelques fois \u00e0 activer les menus) elle n&#8217;est pas \u00e9clair\u00e9e (dommage!). De petite taille et de couleur blanche, elle d\u00e9gage une impression de bas de gamme.<\/div>\n<div><img decoding=\"async\" class=\"alignleft\" title=\"Acer H6510BD\" src=\"http:\/\/www.audiovideohd.fr\/i\/imgs\/18106-2.jpg\" alt=\"Acer H6510BD\" \/><\/div>\n<h3>Les lunettes 3D<\/h3>\n<div align=\"justify\">Attention toutes les lunettes DLP-LINK ne fonctionnent pas avec le H6510BD.<\/div>\n<div align=\"justify\">\n<hr \/>\n<\/div>\n<\/div>\n<p>Apr\u00e8s 2 ans de bons et loyaux service, notre vid\u00e9oprojecteur est tomb\u00e9 en panne d\u00e9but mai 2016. Il est actuellement en r\u00e9paration chez ACER.<\/p>\n<p>Rappelons que ce mat\u00e9riel fait partie des \u00e9quipements fixes de la salle et est donc propri\u00e9t\u00e9 de la commune nouvelle.<\/p>\n<p>Aux derni\u00e8res nouvelles, nous venons d&#8217;apprendre que notre vid\u00e9oprojecteur est irr\u00e9parable ! <a href=\"http:\/\/www.clic-chanteraine.com\/?p=672\">pr\u00e9cisions ici<\/a><\/p>\n<p>&nbsp;<\/p>\n","protected":false},"excerpt":{"rendered":"<p>Notre vid\u00e9oprojecteur est un ACER H6510 BD Pr\u00e9sentation Achet\u00e9 en 2013, en remplacement d&#8217;un mod\u00e8le EPSON, le vid\u00e9oprojecteur choisi par la communaut\u00e9 de communes est un ACER H6510BD. Les crit\u00e8res principaux pour le choix \u00e9taient le budget (moins de 800\u20ac) et la r\u00e9solution (1920&#215;1080 soit <a class=\"more-link\" href=\"http:\/\/www.clic-chanteraine.com\/wordpress\/?page_id=114\">Lire plus &#8230;<\/a><\/p>\n","protected":false},"author":1,"featured_media":0,"parent":0,"menu_order":0,"comment_status":"closed","ping_status":"closed","template":"","meta":{"_bbp_topic_count":0,"_bbp_reply_count":0,"_bbp_total_topic_count":0,"_bbp_total_reply_count":0,"_bbp_voice_count":0,"_bbp_anonymous_reply_count":0,"_bbp_topic_count_hidden":0,"_bbp_reply_count_hidden":0,"_bbp_forum_subforum_count":0},"_links":{"self":[{"href":"http:\/\/www.clic-chanteraine.com\/wordpress\/index.php?rest_route=\/wp\/v2\/pages\/114"}],"collection":[{"href":"http:\/\/www.clic-chanteraine.com\/wordpress\/index.php?rest_route=\/wp\/v2\/pages"}],"about":[{"href":"http:\/\/www.clic-chanteraine.com\/wordpress\/index.php?rest_route=\/wp\/v2\/types\/page"}],"author":[{"embeddable":true,"href":"http:\/\/www.clic-chanteraine.com\/wordpress\/index.php?rest_route=\/wp\/v2\/users\/1"}],"replies":[{"embeddable":true,"href":"http:\/\/www.clic-chanteraine.com\/wordpress\/index.php?rest_route=%2Fwp%2Fv2%2Fcomments&post=114"}],"version-history":[{"count":10,"href":"http:\/\/www.clic-chanteraine.com\/wordpress\/index.php?rest_route=\/wp\/v2\/pages\/114\/revisions"}],"predecessor-version":[{"id":1522,"href":"http:\/\/www.clic-chanteraine.com\/wordpress\/index.php?rest_route=\/wp\/v2\/pages\/114\/revisions\/1522"}],"wp:attachment":[{"href":"http:\/\/www.clic-chanteraine.com\/wordpress\/index.php?rest_route=%2Fwp%2Fv2%2Fmedia&parent=114"}],"curies":[{"name":"wp","href":"https:\/\/api.w.org\/{rel}","templated":true}]}}