{"id":1265,"date":"2016-06-23T10:49:52","date_gmt":"2016-06-23T09:49:52","guid":{"rendered":"http:\/\/www.clic-chanteraine.com\/?page_id=1265"},"modified":"2020-12-14T23:47:24","modified_gmt":"2020-12-14T22:47:24","slug":"les-associations-locales","status":"publish","type":"page","link":"http:\/\/www.clic-chanteraine.com\/wordpress\/?page_id=1265","title":{"rendered":"Les autres associations locales"},"content":{"rendered":"\n<p>Outre notre club de loisir informatique, Villefranche compte plusieurs autres associations :<\/p>\n\n\n\n<ul><li>L&#8217;amicale des pompiers de la Chantereine<\/li><li>L&#8217;association &#8220;Les enfants de la Chantereine&#8221;<\/li><li>L&#8217;association des Chasseurs<\/li><li>Le comit\u00e9 des f\u00eates<\/li><li>L&#8217;association &#8220;Pour nos a\u00een\u00e9s&#8221;<\/li><li>&#8220;APEX 89&#8221; association d&#8217;astronomes amateurs<\/li><\/ul>\n\n\n\n<p>Retrouvez l&#8217;ensemble des associations actives sur le territoire de la Commune de Charny Or\u00e9e de Puisaye sur <a href=\"https:\/\/www.ccop.fr\/sportsloisirs\/vie-associative.html\">le site internet de la CCOP. <\/a><\/p>\n","protected":false},"excerpt":{"rendered":"<p>Outre notre club de loisir informatique, Villefranche compte plusieurs autres associations : L&#8217;amicale des pompiers de la Chantereine L&#8217;association &#8220;Les enfants de la Chantereine&#8221; L&#8217;association des Chasseurs Le comit\u00e9 des f\u00eates L&#8217;association &#8220;Pour nos a\u00een\u00e9s&#8221; &#8220;APEX 89&#8221; association d&#8217;astronomes amateurs Retrouvez l&#8217;ensemble des associations actives <a class=\"more-link\" href=\"http:\/\/www.clic-chanteraine.com\/wordpress\/?page_id=1265\">Lire plus &#8230;<\/a><\/p>\n","protected":false},"author":1,"featured_media":0,"parent":0,"menu_order":0,"comment_status":"closed","ping_status":"closed","template":"","meta":{"_bbp_topic_count":0,"_bbp_reply_count":0,"_bbp_total_topic_count":0,"_bbp_total_reply_count":0,"_bbp_voice_count":0,"_bbp_anonymous_reply_count":0,"_bbp_topic_count_hidden":0,"_bbp_reply_count_hidden":0,"_bbp_forum_subforum_count":0},"_links":{"self":[{"href":"http:\/\/www.clic-chanteraine.com\/wordpress\/index.php?rest_route=\/wp\/v2\/pages\/1265"}],"collection":[{"href":"http:\/\/www.clic-chanteraine.com\/wordpress\/index.php?rest_route=\/wp\/v2\/pages"}],"about":[{"href":"http:\/\/www.clic-chanteraine.com\/wordpress\/index.php?rest_route=\/wp\/v2\/types\/page"}],"author":[{"embeddable":true,"href":"http:\/\/www.clic-chanteraine.com\/wordpress\/index.php?rest_route=\/wp\/v2\/users\/1"}],"replies":[{"embeddable":true,"href":"http:\/\/www.clic-chanteraine.com\/wordpress\/index.php?rest_route=%2Fwp%2Fv2%2Fcomments&post=1265"}],"version-history":[{"count":6,"href":"http:\/\/www.clic-chanteraine.com\/wordpress\/index.php?rest_route=\/wp\/v2\/pages\/1265\/revisions"}],"predecessor-version":[{"id":3443,"href":"http:\/\/www.clic-chanteraine.com\/wordpress\/index.php?rest_route=\/wp\/v2\/pages\/1265\/revisions\/3443"}],"wp:attachment":[{"href":"http:\/\/www.clic-chanteraine.com\/wordpress\/index.php?rest_route=%2Fwp%2Fv2%2Fmedia&parent=1265"}],"curies":[{"name":"wp","href":"https:\/\/api.w.org\/{rel}","templated":true}]}}