{"id":132,"date":"2016-05-18T10:31:56","date_gmt":"2016-05-18T09:31:56","guid":{"rendered":"http:\/\/www.clic-chanteraine.com\/?page_id=132"},"modified":"2020-12-16T21:11:37","modified_gmt":"2020-12-16T20:11:37","slug":"les-revues-de-presse","status":"publish","type":"page","link":"http:\/\/www.clic-chanteraine.com\/wordpress\/?page_id=132","title":{"rendered":"La revue de presse"},"content":{"rendered":"<h3><img decoding=\"async\" loading=\"lazy\" class=\"alignleft wp-image-725 size-medium\" src=\"http:\/\/www.clic-chanteraine.com\/wordpress\/wp-content\/uploads\/2016\/05\/Arrticle-lEclaireur-1024x862-300x253.jpg\" alt=\"\" width=\"300\" height=\"253\" srcset=\"http:\/\/www.clic-chanteraine.com\/wordpress\/wp-content\/uploads\/2016\/05\/Arrticle-lEclaireur-1024x862-300x253.jpg 300w, http:\/\/www.clic-chanteraine.com\/wordpress\/wp-content\/uploads\/2016\/05\/Arrticle-lEclaireur-1024x862.jpg 1024w\" sizes=\"(max-width: 300px) 100vw, 300px\" \/>La presse parle de nous !<\/h3>\n<p>Voici le\u00a0premier article concernant CliC publi\u00e9 dans la presse r\u00e9gionale &#8220;L&#8217;Yonne R\u00e9publicaine&#8221;. Le journaliste s&#8217;est tout simplement tromp\u00e9 de lieu en citant la commune de BLENEAU et non celle de VILLEFRANCHE-SAINT-PHAL, communes distantes de plusieurs dizaines de kilom\u00e8tres. Cela a quand m\u00eame permis de faire conna\u00eetre CliC dans la r\u00e9gion.<\/p>\n<p>D&#8217;autres articles se sont r\u00e9guli\u00e8rement succ\u00e9d\u00e9s par des correspondants de presse locaux.<\/p>\n<p>Jacqueline LEFEVRE, correspondante de presse \u00e0 l&#8217;Yonne R\u00e9publicaine, suit CliC depuis plusieurs ann\u00e9es. Elle effectue r\u00e9guli\u00e8rement des reportages sur nos manifestations festives ainsi que sur nos assembl\u00e9es g\u00e9n\u00e9rales. VILLEFRANCHE SAINT PHAL \u00e9tant tr\u00e8s proche du Loiret, CLIC est \u00e9galement suivi par le quotidien local: &#8220;L&#8217;Eclaireur du G\u00e2tinais&#8221;.<\/p>\n<p><img decoding=\"async\" loading=\"lazy\" class=\"alignleft wp-image-746 size-large\" src=\"http:\/\/www.clic-chanteraine.com\/wordpress\/wp-content\/uploads\/2016\/05\/Article-du-20-01-2015-1024x693.png\" alt=\"Article du 20-01-2015\" width=\"780\" height=\"528\" srcset=\"http:\/\/www.clic-chanteraine.com\/wordpress\/wp-content\/uploads\/2016\/05\/Article-du-20-01-2015-1024x693.png 1024w, http:\/\/www.clic-chanteraine.com\/wordpress\/wp-content\/uploads\/2016\/05\/Article-du-20-01-2015-300x203.png 300w, http:\/\/www.clic-chanteraine.com\/wordpress\/wp-content\/uploads\/2016\/05\/Article-du-20-01-2015.png 1298w\" sizes=\"(max-width: 780px) 100vw, 780px\" \/><\/p>\n<p><img decoding=\"async\" loading=\"lazy\" class=\"alignnone wp-image-1584\" src=\"http:\/\/www.clic-chanteraine.com\/wordpress\/wp-content\/uploads\/2016\/05\/2016-09-14_11-48-48-296x300.jpg\" alt=\"2016-09-14_11-48-48\" width=\"495\" height=\"502\" srcset=\"http:\/\/www.clic-chanteraine.com\/wordpress\/wp-content\/uploads\/2016\/05\/2016-09-14_11-48-48-296x300.jpg 296w, http:\/\/www.clic-chanteraine.com\/wordpress\/wp-content\/uploads\/2016\/05\/2016-09-14_11-48-48.jpg 617w\" sizes=\"(max-width: 495px) 100vw, 495px\" \/><\/p>\n<p><img decoding=\"async\" loading=\"lazy\" class=\"alignleft wp-image-2431 size-large\" src=\"http:\/\/www.clic-chanteraine.com\/wordpress\/wp-content\/uploads\/2017\/04\/CLIC-AG-2017-1024x514.png\" alt=\"\" width=\"780\" height=\"392\" srcset=\"http:\/\/www.clic-chanteraine.com\/wordpress\/wp-content\/uploads\/2017\/04\/CLIC-AG-2017-1024x514.png 1024w, http:\/\/www.clic-chanteraine.com\/wordpress\/wp-content\/uploads\/2017\/04\/CLIC-AG-2017-300x150.png 300w, http:\/\/www.clic-chanteraine.com\/wordpress\/wp-content\/uploads\/2017\/04\/CLIC-AG-2017-768x385.png 768w, http:\/\/www.clic-chanteraine.com\/wordpress\/wp-content\/uploads\/2017\/04\/CLIC-AG-2017.png 1992w\" sizes=\"(max-width: 780px) 100vw, 780px\" \/><\/p>\n<p>2017 Assembl\u00e9e g\u00e9n\u00e9rale<\/p>\n<div id=\"attachment_2752\" style=\"width: 980px\" class=\"wp-caption alignleft\"><img aria-describedby=\"caption-attachment-2752\" decoding=\"async\" loading=\"lazy\" class=\"wp-image-2752 size-full\" src=\"http:\/\/www.clic-chanteraine.com\/wordpress\/wp-content\/uploads\/2018\/03\/YR-17-03-2018.png\" alt=\"\" width=\"970\" height=\"801\" srcset=\"http:\/\/www.clic-chanteraine.com\/wordpress\/wp-content\/uploads\/2018\/03\/YR-17-03-2018.png 970w, http:\/\/www.clic-chanteraine.com\/wordpress\/wp-content\/uploads\/2018\/03\/YR-17-03-2018-300x248.png 300w, http:\/\/www.clic-chanteraine.com\/wordpress\/wp-content\/uploads\/2018\/03\/YR-17-03-2018-768x634.png 768w\" sizes=\"(max-width: 970px) 100vw, 970px\" \/><p id=\"caption-attachment-2752\" class=\"wp-caption-text\">Assembl\u00e9e g\u00e9n\u00e9rale 2018<\/p><\/div>\n","protected":false},"excerpt":{"rendered":"<p>La presse parle de nous ! Voici le\u00a0premier article concernant CliC publi\u00e9 dans la presse r\u00e9gionale &#8220;L&#8217;Yonne R\u00e9publicaine&#8221;. Le journaliste s&#8217;est tout simplement tromp\u00e9 de lieu en citant la commune de BLENEAU et non celle de VILLEFRANCHE-SAINT-PHAL, communes distantes de plusieurs dizaines de kilom\u00e8tres. Cela <a class=\"more-link\" href=\"http:\/\/www.clic-chanteraine.com\/wordpress\/?page_id=132\">Lire plus &#8230;<\/a><\/p>\n","protected":false},"author":1,"featured_media":0,"parent":0,"menu_order":0,"comment_status":"closed","ping_status":"closed","template":"","meta":{"_bbp_topic_count":0,"_bbp_reply_count":0,"_bbp_total_topic_count":0,"_bbp_total_reply_count":0,"_bbp_voice_count":0,"_bbp_anonymous_reply_count":0,"_bbp_topic_count_hidden":0,"_bbp_reply_count_hidden":0,"_bbp_forum_subforum_count":0},"_links":{"self":[{"href":"http:\/\/www.clic-chanteraine.com\/wordpress\/index.php?rest_route=\/wp\/v2\/pages\/132"}],"collection":[{"href":"http:\/\/www.clic-chanteraine.com\/wordpress\/index.php?rest_route=\/wp\/v2\/pages"}],"about":[{"href":"http:\/\/www.clic-chanteraine.com\/wordpress\/index.php?rest_route=\/wp\/v2\/types\/page"}],"author":[{"embeddable":true,"href":"http:\/\/www.clic-chanteraine.com\/wordpress\/index.php?rest_route=\/wp\/v2\/users\/1"}],"replies":[{"embeddable":true,"href":"http:\/\/www.clic-chanteraine.com\/wordpress\/index.php?rest_route=%2Fwp%2Fv2%2Fcomments&post=132"}],"version-history":[{"count":23,"href":"http:\/\/www.clic-chanteraine.com\/wordpress\/index.php?rest_route=\/wp\/v2\/pages\/132\/revisions"}],"predecessor-version":[{"id":3459,"href":"http:\/\/www.clic-chanteraine.com\/wordpress\/index.php?rest_route=\/wp\/v2\/pages\/132\/revisions\/3459"}],"wp:attachment":[{"href":"http:\/\/www.clic-chanteraine.com\/wordpress\/index.php?rest_route=%2Fwp%2Fv2%2Fmedia&parent=132"}],"curies":[{"name":"wp","href":"https:\/\/api.w.org\/{rel}","templated":true}]}}