{"id":16,"date":"2016-05-16T17:46:11","date_gmt":"2016-05-16T16:46:11","guid":{"rendered":"http:\/\/www.clic-chanteraine.com\/wordpress\/?page_id=16"},"modified":"2021-09-29T10:24:04","modified_gmt":"2021-09-29T09:24:04","slug":"nous-contacter","status":"publish","type":"page","link":"http:\/\/www.clic-chanteraine.com\/wordpress\/?page_id=16","title":{"rendered":"Contacts"},"content":{"rendered":"<p class=\"wp-caption-dt\"><img decoding=\"async\" loading=\"lazy\" class=\"wp-image-261 size-thumbnail alignleft\" src=\"http:\/\/www.clic-chanteraine.com\/wordpress\/wp-content\/uploads\/2016\/05\/email-300x261-150x150.jpg\" alt=\"\" width=\"150\" height=\"150\" srcset=\"http:\/\/www.clic-chanteraine.com\/wordpress\/wp-content\/uploads\/2016\/05\/email-300x261-150x150.jpg 150w, http:\/\/www.clic-chanteraine.com\/wordpress\/wp-content\/uploads\/2016\/05\/email-300x261-200x200.jpg 200w\" sizes=\"(max-width: 150px) 100vw, 150px\" \/><\/p>\n<h3><\/h3>\n<h3><span style=\"color: #ff0000;\">Par e-mail :\u00a0<\/span><\/h3>\n<p><a href=\"mailto:clic.chanteraine@gmail.com\">adresse du club : clic.chanteraine@gmail.com<\/a><\/p>\n<hr \/>\n<h3><img decoding=\"async\" loading=\"lazy\" class=\"alignleft wp-image-484 size-thumbnail\" src=\"http:\/\/www.clic-chanteraine.com\/wordpress\/wp-content\/uploads\/2016\/05\/courrier-150x150.jpg\" alt=\"\" width=\"150\" height=\"150\" srcset=\"http:\/\/www.clic-chanteraine.com\/wordpress\/wp-content\/uploads\/2016\/05\/courrier-150x150.jpg 150w, http:\/\/www.clic-chanteraine.com\/wordpress\/wp-content\/uploads\/2016\/05\/courrier-200x200.jpg 200w\" sizes=\"(max-width: 150px) 100vw, 150px\" \/><span style=\"color: #ff0000;\">Par courrier :<\/span><\/h3>\n<p>ASSOCIATION CliC<\/p>\n<p>22 rue de Joigny<\/p>\n<p>Villefranche-Saint-Phal<\/p>\n<p style=\"padding-left: 180px;\">89120 CHARNY-OR\u00c9E-DE-PUISAYE<\/p>\n<hr \/>\n<h3><img decoding=\"async\" loading=\"lazy\" class=\"alignleft wp-image-489 size-thumbnail\" src=\"http:\/\/www.clic-chanteraine.com\/wordpress\/wp-content\/uploads\/2016\/05\/t\u00e9l\u00e9phone-150x150.jpg\" alt=\"\" width=\"150\" height=\"150\" srcset=\"http:\/\/www.clic-chanteraine.com\/wordpress\/wp-content\/uploads\/2016\/05\/t\u00e9l\u00e9phone-150x150.jpg 150w, http:\/\/www.clic-chanteraine.com\/wordpress\/wp-content\/uploads\/2016\/05\/t\u00e9l\u00e9phone-300x300.jpg 300w, http:\/\/www.clic-chanteraine.com\/wordpress\/wp-content\/uploads\/2016\/05\/t\u00e9l\u00e9phone-1024x1024.jpg 1024w, http:\/\/www.clic-chanteraine.com\/wordpress\/wp-content\/uploads\/2016\/05\/t\u00e9l\u00e9phone-200x200.jpg 200w, http:\/\/www.clic-chanteraine.com\/wordpress\/wp-content\/uploads\/2016\/05\/t\u00e9l\u00e9phone.jpg 1500w\" sizes=\"(max-width: 150px) 100vw, 150px\" \/><span style=\"color: #ff0000;\">Par t\u00e9l\u00e9phone :<\/span><\/h3>\n<p style=\"text-align: left;\">Local informatique de Villefranche\u00a0 03 86 63 63 09<\/p>\n<p style=\"text-align: left;\">aux heures d&#8217;ouverture<\/p>\n<hr \/>\n<h3><a href=\"http:\/\/www.clic-chanteraine.com\/?page_id=495\"><img decoding=\"async\" loading=\"lazy\" class=\"wp-image-546 alignleft\" src=\"http:\/\/www.clic-chanteraine.com\/wordpress\/wp-content\/uploads\/2016\/05\/message-300x172.png\" alt=\"\" width=\"270\" height=\"155\" srcset=\"http:\/\/www.clic-chanteraine.com\/wordpress\/wp-content\/uploads\/2016\/05\/message-300x172.png 300w, http:\/\/www.clic-chanteraine.com\/wordpress\/wp-content\/uploads\/2016\/05\/message.png 453w\" sizes=\"(max-width: 270px) 100vw, 270px\" \/><\/a><\/h3>\n<h3><span style=\"color: #ff0000;\">Laissez-nous un message :<\/span><\/h3>\n<p style=\"text-align: left;\">Cliquez sur l&#8217;icone ci-dessus pour nous laisser un message<\/p>\n<hr \/>\n<h3><img decoding=\"async\" loading=\"lazy\" class=\"wp-image-472 size-medium alignright\" src=\"http:\/\/www.clic-chanteraine.com\/wordpress\/wp-content\/uploads\/2016\/05\/facade-clic-1020x550-300x162.png\" alt=\"\" width=\"300\" height=\"162\" srcset=\"http:\/\/www.clic-chanteraine.com\/wordpress\/wp-content\/uploads\/2016\/05\/facade-clic-1020x550-300x162.png 300w, http:\/\/www.clic-chanteraine.com\/wordpress\/wp-content\/uploads\/2016\/05\/facade-clic-1020x550.png 1020w\" sizes=\"(max-width: 300px) 100vw, 300px\" \/><span style=\"color: #ff0000;\">Ou rendez-nous visite aux heures d&#8217;ouverture\u00a0:<\/span><\/h3>\n<p style=\"text-align: left;\">22 rue de Joigny<\/p>\n<p style=\"text-align: left;\">Villefranche-Saint-Phal<\/p>\n<p style=\"text-align: left;\">89120\u00a0 CHARNY-OR\u00c9E-DE-PUISAYE<\/p>\n<hr \/>\n","protected":false},"excerpt":{"rendered":"<p>Par e-mail :\u00a0 adresse du club : clic.chanteraine@gmail.com Par courrier : ASSOCIATION CliC 22 rue de Joigny Villefranche-Saint-Phal 89120 CHARNY-OR\u00c9E-DE-PUISAYE Par t\u00e9l\u00e9phone : Local informatique de Villefranche\u00a0 03 86 63 63 09 aux heures d&#8217;ouverture Laissez-nous un message : Cliquez sur l&#8217;icone ci-dessus pour nous <a class=\"more-link\" href=\"http:\/\/www.clic-chanteraine.com\/wordpress\/?page_id=16\">Lire plus &#8230;<\/a><\/p>\n","protected":false},"author":1,"featured_media":0,"parent":0,"menu_order":0,"comment_status":"closed","ping_status":"closed","template":"","meta":{"_bbp_topic_count":0,"_bbp_reply_count":0,"_bbp_total_topic_count":0,"_bbp_total_reply_count":0,"_bbp_voice_count":0,"_bbp_anonymous_reply_count":0,"_bbp_topic_count_hidden":0,"_bbp_reply_count_hidden":0,"_bbp_forum_subforum_count":0},"_links":{"self":[{"href":"http:\/\/www.clic-chanteraine.com\/wordpress\/index.php?rest_route=\/wp\/v2\/pages\/16"}],"collection":[{"href":"http:\/\/www.clic-chanteraine.com\/wordpress\/index.php?rest_route=\/wp\/v2\/pages"}],"about":[{"href":"http:\/\/www.clic-chanteraine.com\/wordpress\/index.php?rest_route=\/wp\/v2\/types\/page"}],"author":[{"embeddable":true,"href":"http:\/\/www.clic-chanteraine.com\/wordpress\/index.php?rest_route=\/wp\/v2\/users\/1"}],"replies":[{"embeddable":true,"href":"http:\/\/www.clic-chanteraine.com\/wordpress\/index.php?rest_route=%2Fwp%2Fv2%2Fcomments&post=16"}],"version-history":[{"count":50,"href":"http:\/\/www.clic-chanteraine.com\/wordpress\/index.php?rest_route=\/wp\/v2\/pages\/16\/revisions"}],"predecessor-version":[{"id":3578,"href":"http:\/\/www.clic-chanteraine.com\/wordpress\/index.php?rest_route=\/wp\/v2\/pages\/16\/revisions\/3578"}],"wp:attachment":[{"href":"http:\/\/www.clic-chanteraine.com\/wordpress\/index.php?rest_route=%2Fwp%2Fv2%2Fmedia&parent=16"}],"curies":[{"name":"wp","href":"https:\/\/api.w.org\/{rel}","templated":true}]}}