{"id":1755,"date":"2016-12-01T11:25:38","date_gmt":"2016-12-01T10:25:38","guid":{"rendered":"http:\/\/www.clic-chanteraine.com\/?page_id=1755"},"modified":"2020-12-16T21:24:51","modified_gmt":"2020-12-16T20:24:51","slug":"le-logo-de-clic","status":"publish","type":"page","link":"http:\/\/www.clic-chanteraine.com\/wordpress\/?page_id=1755","title":{"rendered":"Le logo de CliC"},"content":{"rendered":"<p style=\"text-align: justify;\">Voici le logo officiel de CliC. Ce logo a \u00e9t\u00e9 cr\u00e9\u00e9 en 2011. Il est compos\u00e9 de l&#8217;acronyme de l&#8217;association, accompagn\u00e9 de trois barres jaunes symbolisant les trois communes de la Chanteraine (Villefranche, Prunoy, Chevillon) et de la souris repr\u00e9sentant l&#8217;activit\u00e9 informatique. Ce logo est libre de reproduction. Il ne doit pas \u00eatre modifi\u00e9 ni dans sa composition ni dans ses couleurs ni dans ses proportions. La version propos\u00e9e ci-dessous est au format png (sans fond) de grande taille (2957-1543).<\/p>\n<p><img decoding=\"async\" loading=\"lazy\" class=\"alignnone wp-image-220 size-full\" src=\"http:\/\/www.clic-chanteraine.com\/wordpress\/wp-content\/uploads\/2016\/05\/Logo-r\u00e9duit.png\" alt=\"Logo de CliC\" width=\"992\" height=\"557\" srcset=\"http:\/\/www.clic-chanteraine.com\/wordpress\/wp-content\/uploads\/2016\/05\/Logo-r\u00e9duit.png 992w, http:\/\/www.clic-chanteraine.com\/wordpress\/wp-content\/uploads\/2016\/05\/Logo-r\u00e9duit-300x168.png 300w, http:\/\/www.clic-chanteraine.com\/wordpress\/wp-content\/uploads\/2016\/05\/Logo-r\u00e9duit-350x197.png 350w, http:\/\/www.clic-chanteraine.com\/wordpress\/wp-content\/uploads\/2016\/05\/Logo-r\u00e9duit-860x484.png 860w\" sizes=\"(max-width: 992px) 100vw, 992px\" \/><\/p>\n","protected":false},"excerpt":{"rendered":"<p>Voici le logo officiel de CliC. Ce logo a \u00e9t\u00e9 cr\u00e9\u00e9 en 2011. Il est compos\u00e9 de l&#8217;acronyme de l&#8217;association, accompagn\u00e9 de trois barres jaunes symbolisant les trois communes de la Chanteraine (Villefranche, Prunoy, Chevillon) et de la souris repr\u00e9sentant l&#8217;activit\u00e9 informatique. Ce logo est <a class=\"more-link\" href=\"http:\/\/www.clic-chanteraine.com\/wordpress\/?page_id=1755\">Lire plus &#8230;<\/a><\/p>\n","protected":false},"author":1,"featured_media":0,"parent":0,"menu_order":0,"comment_status":"closed","ping_status":"closed","template":"","meta":{"_bbp_topic_count":0,"_bbp_reply_count":0,"_bbp_total_topic_count":0,"_bbp_total_reply_count":0,"_bbp_voice_count":0,"_bbp_anonymous_reply_count":0,"_bbp_topic_count_hidden":0,"_bbp_reply_count_hidden":0,"_bbp_forum_subforum_count":0},"_links":{"self":[{"href":"http:\/\/www.clic-chanteraine.com\/wordpress\/index.php?rest_route=\/wp\/v2\/pages\/1755"}],"collection":[{"href":"http:\/\/www.clic-chanteraine.com\/wordpress\/index.php?rest_route=\/wp\/v2\/pages"}],"about":[{"href":"http:\/\/www.clic-chanteraine.com\/wordpress\/index.php?rest_route=\/wp\/v2\/types\/page"}],"author":[{"embeddable":true,"href":"http:\/\/www.clic-chanteraine.com\/wordpress\/index.php?rest_route=\/wp\/v2\/users\/1"}],"replies":[{"embeddable":true,"href":"http:\/\/www.clic-chanteraine.com\/wordpress\/index.php?rest_route=%2Fwp%2Fv2%2Fcomments&post=1755"}],"version-history":[{"count":5,"href":"http:\/\/www.clic-chanteraine.com\/wordpress\/index.php?rest_route=\/wp\/v2\/pages\/1755\/revisions"}],"predecessor-version":[{"id":3462,"href":"http:\/\/www.clic-chanteraine.com\/wordpress\/index.php?rest_route=\/wp\/v2\/pages\/1755\/revisions\/3462"}],"wp:attachment":[{"href":"http:\/\/www.clic-chanteraine.com\/wordpress\/index.php?rest_route=%2Fwp%2Fv2%2Fmedia&parent=1755"}],"curies":[{"name":"wp","href":"https:\/\/api.w.org\/{rel}","templated":true}]}}