{"id":349,"date":"2016-05-22T09:50:55","date_gmt":"2016-05-22T08:50:55","guid":{"rendered":"http:\/\/www.clic-chanteraine.com\/?page_id=349"},"modified":"2023-04-28T16:21:50","modified_gmt":"2023-04-28T15:21:50","slug":"une-seance-de-partage-de-connaissances","status":"publish","type":"page","link":"http:\/\/www.clic-chanteraine.com\/wordpress\/?page_id=349","title":{"rendered":"Une s\u00e9ance de partage de connaissances"},"content":{"rendered":"\n<figure class=\"wp-block-image size-large\"><img decoding=\"async\" loading=\"lazy\" width=\"1024\" height=\"768\" src=\"http:\/\/www.clic-chanteraine.com\/wordpress\/wp-content\/uploads\/2016\/11\/s\u00e9ance-facebook-1024x768.jpg\" alt=\"\" class=\"wp-image-1697\" srcset=\"http:\/\/www.clic-chanteraine.com\/wordpress\/wp-content\/uploads\/2016\/11\/s\u00e9ance-facebook-1024x768.jpg 1024w, http:\/\/www.clic-chanteraine.com\/wordpress\/wp-content\/uploads\/2016\/11\/s\u00e9ance-facebook-300x225.jpg 300w, http:\/\/www.clic-chanteraine.com\/wordpress\/wp-content\/uploads\/2016\/11\/s\u00e9ance-facebook-768x576.jpg 768w, http:\/\/www.clic-chanteraine.com\/wordpress\/wp-content\/uploads\/2016\/11\/s\u00e9ance-facebook.jpg 2048w\" sizes=\"(max-width: 1024px) 100vw, 1024px\" \/><\/figure>\n\n\n\n<p>Une des vocations essentielles de CliC est le partage des connaissances informatiques. Chacun, quelque soit son niveau, peut aider. Actuellement trois groupes sont op\u00e9rationnels : Les &#8220;tout d\u00e9butant&#8221; (certains arrivent au club sans avoir jamais touch\u00e9 \u00e0 un ordinateur), les &#8220;faux d\u00e9butants&#8221; qui connaissent les bases d&#8217;utilisation (clavier, souris etc &#8230;) et enfin les initi\u00e9s qui ma\u00eetrisent le syst\u00e8me d&#8217;exploitation Windows et la base des principaux logiciels bureautiques. Dans l&#8217;avenir, il&nbsp;est envisag\u00e9 de cr\u00e9er&nbsp;un quatri\u00e8me groupe, &#8220;d&#8217;experts&#8221;, sur des th\u00e8mes plus pointus tels que le d\u00e9veloppement web ou les bases de donn\u00e9es.<\/p>\n","protected":false},"excerpt":{"rendered":"<p>Une des vocations essentielles de CliC est le partage des connaissances informatiques. Chacun, quelque soit son niveau, peut aider. Actuellement trois groupes sont op\u00e9rationnels : Les &#8220;tout d\u00e9butant&#8221; (certains arrivent au club sans avoir jamais touch\u00e9 \u00e0 un ordinateur), les &#8220;faux d\u00e9butants&#8221; qui connaissent les <a class=\"more-link\" href=\"http:\/\/www.clic-chanteraine.com\/wordpress\/?page_id=349\">Lire plus &#8230;<\/a><\/p>\n","protected":false},"author":1,"featured_media":0,"parent":0,"menu_order":0,"comment_status":"closed","ping_status":"closed","template":"","meta":{"_bbp_topic_count":0,"_bbp_reply_count":0,"_bbp_total_topic_count":0,"_bbp_total_reply_count":0,"_bbp_voice_count":0,"_bbp_anonymous_reply_count":0,"_bbp_topic_count_hidden":0,"_bbp_reply_count_hidden":0,"_bbp_forum_subforum_count":0},"_links":{"self":[{"href":"http:\/\/www.clic-chanteraine.com\/wordpress\/index.php?rest_route=\/wp\/v2\/pages\/349"}],"collection":[{"href":"http:\/\/www.clic-chanteraine.com\/wordpress\/index.php?rest_route=\/wp\/v2\/pages"}],"about":[{"href":"http:\/\/www.clic-chanteraine.com\/wordpress\/index.php?rest_route=\/wp\/v2\/types\/page"}],"author":[{"embeddable":true,"href":"http:\/\/www.clic-chanteraine.com\/wordpress\/index.php?rest_route=\/wp\/v2\/users\/1"}],"replies":[{"embeddable":true,"href":"http:\/\/www.clic-chanteraine.com\/wordpress\/index.php?rest_route=%2Fwp%2Fv2%2Fcomments&post=349"}],"version-history":[{"count":12,"href":"http:\/\/www.clic-chanteraine.com\/wordpress\/index.php?rest_route=\/wp\/v2\/pages\/349\/revisions"}],"predecessor-version":[{"id":3817,"href":"http:\/\/www.clic-chanteraine.com\/wordpress\/index.php?rest_route=\/wp\/v2\/pages\/349\/revisions\/3817"}],"wp:attachment":[{"href":"http:\/\/www.clic-chanteraine.com\/wordpress\/index.php?rest_route=%2Fwp%2Fv2%2Fmedia&parent=349"}],"curies":[{"name":"wp","href":"https:\/\/api.w.org\/{rel}","templated":true}]}}