{"id":6,"date":"2016-05-16T17:44:15","date_gmt":"2016-05-16T16:44:15","guid":{"rendered":"http:\/\/www.clic-chanteraine.com\/wordpress\/?page_id=6"},"modified":"2020-12-16T19:31:21","modified_gmt":"2020-12-16T18:31:21","slug":"qui-sommes-nous","status":"publish","type":"page","link":"http:\/\/www.clic-chanteraine.com\/wordpress\/?page_id=6","title":{"rendered":"Qui sommes-nous ?"},"content":{"rendered":"<p><img decoding=\"async\" loading=\"lazy\" class=\"alignnone wp-image-220 size-medium\" src=\"http:\/\/www.clic-chanteraine.com\/wordpress\/wp-content\/uploads\/2016\/05\/Logo-r\u00e9duit-300x168.png\" alt=\"Logo r\u00e9duit\" width=\"300\" height=\"168\" srcset=\"http:\/\/www.clic-chanteraine.com\/wordpress\/wp-content\/uploads\/2016\/05\/Logo-r\u00e9duit-300x168.png 300w, http:\/\/www.clic-chanteraine.com\/wordpress\/wp-content\/uploads\/2016\/05\/Logo-r\u00e9duit-350x197.png 350w, http:\/\/www.clic-chanteraine.com\/wordpress\/wp-content\/uploads\/2016\/05\/Logo-r\u00e9duit-860x484.png 860w, http:\/\/www.clic-chanteraine.com\/wordpress\/wp-content\/uploads\/2016\/05\/Logo-r\u00e9duit.png 992w\" sizes=\"(max-width: 300px) 100vw, 300px\" \/><\/p>\n<p>CliC, une association de b\u00e9n\u00e9voles r\u00e9gie par la loi de 1901.<\/p>\n<p>Voici un extrait de ses statuts :<\/p>\n<ul>\n<li><strong>Article 1er Titre de l\u2019association <\/strong><\/li>\n<\/ul>\n<p>Il est fond\u00e9 entre les adh\u00e9rents aux pr\u00e9sents statuts, une association r\u00e9gie par la loi du 1er Juillet 1901 et le d\u00e9cret du 16 Ao\u00fbt 1901, ayant pour titre : &#8220;CLUB DE LOISIR INFORMATIQUE DE LA CHANTERAINE&#8221; Ci-apr\u00e8s d\u00e9sign\u00e9e par le sigle \u00ab\u00a0CliC\u00a0\u00bb.<\/p>\n<ul>\n<li><strong>Article 2 Objectifs de l\u2019association <\/strong><\/li>\n<\/ul>\n<p>Le CliC\u00a0 est une association locale de Puisaye-Forterre ayant pour objet l&#8217;informatique, le multim\u00e9dia et la communication. Elle a pour buts :<\/p>\n<ul>\n<li>d\u2019en rassembler les membres dans un esprit de convivialit\u00e9 et de solidarit\u00e9,<\/li>\n<li>de faire d\u00e9couvrir les outils informatiques et d\u2019en promouvoir l\u2019utilisation \u00e0 titre personnel sans but lucratif,<\/li>\n<li>de favoriser l\u2019acquisition et le perfectionnement de connaissances informatiques, tant sur les mat\u00e9riels que sur les logiciels syst\u00e8me et applicatifs.<\/li>\n<li>d\u2019encourager le partage d\u2019exp\u00e9riences dans tous les domaines couverts par l\u2019outil informatique comme par exemple la photographie, la musique, la vid\u00e9o, la communication, les jeux, la gestion personnelle, la g\u00e9n\u00e9alogie, les r\u00e9seaux sociaux, l\u2019internet.<\/li>\n<\/ul>\n<div><\/div>\n<ul>\n<li><strong>Article 3 Si\u00e8ge social <\/strong><\/li>\n<\/ul>\n<p>Le si\u00e8ge social du CliC est fix\u00e9 \u00e0 VILLEFRANCHE-SAINT-PHAL, 22, route de Joigny \u2013 89120 \u2013 selon autorisation accord\u00e9e par la Communaut\u00e9 de Communes des Coteaux de la Chanteraine.<\/p>\n<p>Il pourra \u00eatre transf\u00e9r\u00e9 sur proposition du Bureau du CliC ratifi\u00e9e par l\u2019assembl\u00e9e g\u00e9n\u00e9rale ordinaire du CliC (voir art 11). La Communaut\u00e9 de Communes des Coteaux de la Chanteraine devra \u00eatre tenue inform\u00e9e du transfert.<\/p>\n","protected":false},"excerpt":{"rendered":"<p>CliC, une association de b\u00e9n\u00e9voles r\u00e9gie par la loi de 1901. Voici un extrait de ses statuts : Article 1er Titre de l\u2019association Il est fond\u00e9 entre les adh\u00e9rents aux pr\u00e9sents statuts, une association r\u00e9gie par la loi du 1er Juillet 1901 et le d\u00e9cret <a class=\"more-link\" href=\"http:\/\/www.clic-chanteraine.com\/wordpress\/?page_id=6\">Lire plus &#8230;<\/a><\/p>\n","protected":false},"author":1,"featured_media":0,"parent":0,"menu_order":0,"comment_status":"closed","ping_status":"closed","template":"","meta":{"_bbp_topic_count":0,"_bbp_reply_count":0,"_bbp_total_topic_count":0,"_bbp_total_reply_count":0,"_bbp_voice_count":0,"_bbp_anonymous_reply_count":0,"_bbp_topic_count_hidden":0,"_bbp_reply_count_hidden":0,"_bbp_forum_subforum_count":0},"_links":{"self":[{"href":"http:\/\/www.clic-chanteraine.com\/wordpress\/index.php?rest_route=\/wp\/v2\/pages\/6"}],"collection":[{"href":"http:\/\/www.clic-chanteraine.com\/wordpress\/index.php?rest_route=\/wp\/v2\/pages"}],"about":[{"href":"http:\/\/www.clic-chanteraine.com\/wordpress\/index.php?rest_route=\/wp\/v2\/types\/page"}],"author":[{"embeddable":true,"href":"http:\/\/www.clic-chanteraine.com\/wordpress\/index.php?rest_route=\/wp\/v2\/users\/1"}],"replies":[{"embeddable":true,"href":"http:\/\/www.clic-chanteraine.com\/wordpress\/index.php?rest_route=%2Fwp%2Fv2%2Fcomments&post=6"}],"version-history":[{"count":10,"href":"http:\/\/www.clic-chanteraine.com\/wordpress\/index.php?rest_route=\/wp\/v2\/pages\/6\/revisions"}],"predecessor-version":[{"id":3449,"href":"http:\/\/www.clic-chanteraine.com\/wordpress\/index.php?rest_route=\/wp\/v2\/pages\/6\/revisions\/3449"}],"wp:attachment":[{"href":"http:\/\/www.clic-chanteraine.com\/wordpress\/index.php?rest_route=%2Fwp%2Fv2%2Fmedia&parent=6"}],"curies":[{"name":"wp","href":"https:\/\/api.w.org\/{rel}","templated":true}]}}