{"id":62,"date":"2016-05-18T10:14:12","date_gmt":"2016-05-18T09:14:12","guid":{"rendered":"http:\/\/www.clic-chanteraine.com\/?page_id=62"},"modified":"2020-12-16T19:56:45","modified_gmt":"2020-12-16T18:56:45","slug":"lhistorique-de-clic","status":"publish","type":"page","link":"http:\/\/www.clic-chanteraine.com\/wordpress\/?page_id=62","title":{"rendered":"L&#8217;historique de CliC"},"content":{"rendered":"<p><img decoding=\"async\" loading=\"lazy\" class=\"alignleft wp-image-220 size-medium\" src=\"http:\/\/www.clic-chanteraine.com\/wordpress\/wp-content\/uploads\/2016\/05\/Logo-r\u00e9duit-300x168.png\" alt=\"Logo r\u00e9duit\" width=\"300\" height=\"168\" srcset=\"http:\/\/www.clic-chanteraine.com\/wordpress\/wp-content\/uploads\/2016\/05\/Logo-r\u00e9duit-300x168.png 300w, http:\/\/www.clic-chanteraine.com\/wordpress\/wp-content\/uploads\/2016\/05\/Logo-r\u00e9duit-350x197.png 350w, http:\/\/www.clic-chanteraine.com\/wordpress\/wp-content\/uploads\/2016\/05\/Logo-r\u00e9duit-860x484.png 860w, http:\/\/www.clic-chanteraine.com\/wordpress\/wp-content\/uploads\/2016\/05\/Logo-r\u00e9duit.png 992w\" sizes=\"(max-width: 300px) 100vw, 300px\" \/><\/p>\n<p style=\"text-align: justify;\">Dans la d\u00e9cennie 2000-2010, les pouvoirs publics ont cr\u00e9\u00e9, afin de promouvoir l&#8217;informatique dans les zones rurales, et permettre ainsi un &#8220;d\u00e9senclavement num\u00e9rique&#8221;, des &#8220;Espaces Publics Num\u00e9riques&#8221; ou &#8220;EPN&#8221;. Les collectivit\u00e9s locales, notamment les communes et les communaut\u00e9s de communes, pouvaient adh\u00e9rer \u00e0 ces projets d&#8217;implantation d&#8217;EPN et recevaient, pour ce faire, des subventions permettant d&#8217;acqu\u00e9rir des mat\u00e9riels informatiques.<\/p>\n<p style=\"text-align: justify;\">La communaut\u00e9 de communes de la 4C, regroupant les communes de CHEVILLON, VILLEFRANCHE-SAINT-PHAL et PRUNOY a donc cr\u00e9\u00e9 un EPN. Celui-ci\u00a0a \u00e9t\u00e9 install\u00e9 dans le nouveau centre de loisirs intercommunal 4C &#8211; CHARNY r\u00e9cemment \u00e9difi\u00e9 sur la commune de PRUNOY. Il \u00e9tait dot\u00e9 de 5 ordinateurs de bureau\u00a0du type &#8220;tour&#8221; fonctionnant sous Windows XP.<\/p>\n<p style=\"text-align: justify;\">Cet EPN a \u00e9t\u00e9 anim\u00e9, jusqu&#8217;en 2008, par plusieurs b\u00e9n\u00e9voles qui se sont succ\u00e9d\u00e9s \u00e0 sa t\u00eate. La derni\u00e8re en date, Madame PETIT (d\u00e9c\u00e9d\u00e9e en juin 2016), doit quitter l&#8217;EPN en raison de nouvelles obligations professionnelles. C&#8217;est \u00e0 cette \u00e9poque que, Patrick COURT, jeune retrait\u00e9,\u00a0arrive \u00e0 la t\u00eate de la structure suite \u00e0 une petite annonce pass\u00e9e sur un quotidien r\u00e9gional par Jean-Pierre ROGNONE, maire-Adjoint de PRUNOY.<\/p>\n<p><img decoding=\"async\" loading=\"lazy\" class=\"alignright wp-image-472 size-medium\" src=\"http:\/\/www.clic-chanteraine.com\/wordpress\/wp-content\/uploads\/2016\/05\/facade-clic-1020x550-300x162.png\" alt=\"\" width=\"300\" height=\"162\" srcset=\"http:\/\/www.clic-chanteraine.com\/wordpress\/wp-content\/uploads\/2016\/05\/facade-clic-1020x550-300x162.png 300w, http:\/\/www.clic-chanteraine.com\/wordpress\/wp-content\/uploads\/2016\/05\/facade-clic-1020x550.png 1020w\" sizes=\"(max-width: 300px) 100vw, 300px\" \/><\/p>\n<p style=\"text-align: justify;\">Tr\u00e8s \u00e0 l&#8217;\u00e9troit dans des locaux exig\u00fcs et inadapt\u00e9s, avec\u00a0un mat\u00e9riel vieillissant et sans acc\u00e8s internet, la premi\u00e8re action entreprise par Patrick COURT f\u00fbt de connecter l&#8217;EPN au r\u00e9seau local du Centre de Loisirs en ethernet gr\u00e2ce \u00e0 un switch\u00a0afin de permettre l&#8217;acc\u00e8s internet. La situation est rest\u00e9e en l&#8217;\u00e9tat jusqu&#8217;en 2010.<\/p>\n<p><img decoding=\"async\" loading=\"lazy\" class=\"alignleft wp-image-473 size-medium\" src=\"http:\/\/www.clic-chanteraine.com\/wordpress\/wp-content\/uploads\/2016\/05\/Bernard-BECHEREAU1-300x300.jpg\" alt=\"\" width=\"300\" height=\"300\" srcset=\"http:\/\/www.clic-chanteraine.com\/wordpress\/wp-content\/uploads\/2016\/05\/Bernard-BECHEREAU1-300x300.jpg 300w, http:\/\/www.clic-chanteraine.com\/wordpress\/wp-content\/uploads\/2016\/05\/Bernard-BECHEREAU1-150x150.jpg 150w, http:\/\/www.clic-chanteraine.com\/wordpress\/wp-content\/uploads\/2016\/05\/Bernard-BECHEREAU1-200x200.jpg 200w, http:\/\/www.clic-chanteraine.com\/wordpress\/wp-content\/uploads\/2016\/05\/Bernard-BECHEREAU1.jpg 399w\" sizes=\"(max-width: 300px) 100vw, 300px\" \/><\/p>\n<p style=\"text-align: justify;\">D\u00e9but 2010, Bernard BECHEREAU, Pr\u00e9sident de la 4C propose la cr\u00e9ation d&#8217;un nouveau local en r\u00e9habilitant un pr\u00e9au de l&#8217;ancienne \u00e9cole communale de Villefranche-Saint-Phal. En collaboration avec\u00a0 Patrick COURT, l&#8217;implantation des locaux, leur am\u00e9nagement et la cr\u00e9ation d&#8217;un r\u00e9seau local sont lanc\u00e9s. Les travaux sont termin\u00e9s au 2\u00e8me semestre 2011.<\/p>\n<p style=\"text-align: justify;\">L&#8217;ancienne structure des EPN ne convenant pas pour la gestion de ce nouvel espace, Bernard BECHEREAU incite les acteurs \u00e0 se constituer en Association sans but lucratif sous la loi de 1901.<\/p>\n<p style=\"text-align: justify;\">Lors d&#8217;une r\u00e9union constituante, huit membres des EPN d\u00e9cident, le 11 Avril 2011, de cr\u00e9er l&#8217;association &#8220;CliC&#8221;. Des statuts sont r\u00e9dig\u00e9s et approuv\u00e9s. Un bureau est nomm\u00e9 et des fonctions attribu\u00e9es \u00e0 chaque membre. Un logo est cr\u00e9\u00e9 et un site web associatif mis en place. Vous trouverez ici les statuts de CliC.<\/p>\n<p style=\"text-align: justify;\">Au mois de juillet 2011, l&#8217;association investit les nouveaux locaux, partag\u00e9s avec un autre groupe. Au bout de quelques mois, le second groupe renonce \u00e0 l&#8217;utilisation de la salle et CliC en devient le seul utilisateur. Une charte d&#8217;utilisation est r\u00e9dig\u00e9e permettant de codifier les conditions d&#8217;utilisation et les rapports entre la 4C et CliC.<\/p>\n<div id=\"attachment_394\" style=\"width: 210px\" class=\"wp-caption alignright\"><img aria-describedby=\"caption-attachment-394\" decoding=\"async\" loading=\"lazy\" class=\"wp-image-394 size-full\" src=\"http:\/\/www.clic-chanteraine.com\/wordpress\/wp-content\/uploads\/2016\/05\/Pierre-BERNIER-1.jpg\" alt=\"Pierre BERNIER\" width=\"200\" height=\"200\" srcset=\"http:\/\/www.clic-chanteraine.com\/wordpress\/wp-content\/uploads\/2016\/05\/Pierre-BERNIER-1.jpg 200w, http:\/\/www.clic-chanteraine.com\/wordpress\/wp-content\/uploads\/2016\/05\/Pierre-BERNIER-1-150x150.jpg 150w\" sizes=\"(max-width: 200px) 100vw, 200px\" \/><p id=\"caption-attachment-394\" class=\"wp-caption-text\">Pierre BERNIER<\/p><\/div>\n<p style=\"text-align: justify;\">Un financement sur deux ann\u00e9es (2011 et 2012) permet l&#8217;acquisition de 10 ordinateurs portables et d&#8217;un vid\u00e9oprojecteur. L&#8217;association CliC est conduite par Patrick COURT et Pierre BERNIER, respectivement Pr\u00e9sident et Vice-Pr\u00e9sident.<\/p>\n<p style=\"text-align: justify;\">Depuis cette date, CLIC n&#8217;a cess\u00e9 de prosp\u00e9rer. Pierre BERNIER, membre fondateur et Vice-Pr\u00e9sident a quitt\u00e9 l&#8217;association en 2015.<\/p>\n<p style=\"text-align: justify;\">Monique MOISSETTE, l&#8217;a rejointe en 2013. Des \u00e9quipements ont \u00e9t\u00e9 acquis ainsi que de nombreux logiciels. Plus de 2000 heures de formation sont r\u00e9alis\u00e9es chaque ann\u00e9e par une structure exclusivement constitu\u00e9e de b\u00e9n\u00e9voles.<\/p>\n<div id=\"attachment_463\" style=\"width: 310px\" class=\"wp-caption alignleft\"><img aria-describedby=\"caption-attachment-463\" decoding=\"async\" loading=\"lazy\" class=\"wp-image-463 size-medium\" src=\"http:\/\/www.clic-chanteraine.com\/wordpress\/wp-content\/uploads\/2016\/05\/DSC06511-1200x795-300x199.jpg\" alt=\"SONY DSC\" width=\"300\" height=\"199\" srcset=\"http:\/\/www.clic-chanteraine.com\/wordpress\/wp-content\/uploads\/2016\/05\/DSC06511-1200x795-300x199.jpg 300w, http:\/\/www.clic-chanteraine.com\/wordpress\/wp-content\/uploads\/2016\/05\/DSC06511-1200x795-1024x678.jpg 1024w, http:\/\/www.clic-chanteraine.com\/wordpress\/wp-content\/uploads\/2016\/05\/DSC06511-1200x795.jpg 1200w\" sizes=\"(max-width: 300px) 100vw, 300px\" \/><p id=\"caption-attachment-463\" class=\"wp-caption-text\">Patrick COURT et Monique MOISSETTE<\/p><\/div>\n<p style=\"text-align: justify;\">\u00a0Afin de se maintenir en permanence \u00e0 niveau sur le plan technologique, une remise \u00e0 plat permanente est r\u00e9alis\u00e9e sur les syst\u00e8mes d&#8217;exploitation et logiciels utilis\u00e9s. Ainsi en 2016, chaque machine est \u00e9quip\u00e9e de Windows 10 de Microsoft Office 2016 et de 4D 2015. Les technologies de pointe sont mises en \u0153uvre comme les cam\u00e9ras de vid\u00e9osurveillance, les disques NAS d&#8217;h\u00e9bergement et de stockage les routeurs et autres mat\u00e9riels.<\/p>\n<p>Martine BAYARD a rejoint l&#8217;\u00e9quipe d&#8217;animation en 2017.<\/p>\n<p>Patrick COURT a quitt\u00e9 l&#8217;association en janvier 2019.<\/p>\n<p style=\"text-align: justify;\">Le c\u0153ur de l&#8217;action de CliC demeure de permettre \u00e0 tous l&#8217;acc\u00e8s \u00e0 l&#8217;informatique grand public. Chaque ann\u00e9e CliC re\u00e7oit des d\u00e9butants complets n&#8217;ayant jamais abord\u00e9 l&#8217;informatique et d\u00e9sirant se former. La moyenne d&#8217;\u00e2ge est d&#8217;environ 70 ans.<\/p>\n","protected":false},"excerpt":{"rendered":"<p>Dans la d\u00e9cennie 2000-2010, les pouvoirs publics ont cr\u00e9\u00e9, afin de promouvoir l&#8217;informatique dans les zones rurales, et permettre ainsi un &#8220;d\u00e9senclavement num\u00e9rique&#8221;, des &#8220;Espaces Publics Num\u00e9riques&#8221; ou &#8220;EPN&#8221;. Les collectivit\u00e9s locales, notamment les communes et les communaut\u00e9s de communes, pouvaient adh\u00e9rer \u00e0 ces projets <a class=\"more-link\" href=\"http:\/\/www.clic-chanteraine.com\/wordpress\/?page_id=62\">Lire plus &#8230;<\/a><\/p>\n","protected":false},"author":1,"featured_media":0,"parent":0,"menu_order":0,"comment_status":"closed","ping_status":"closed","template":"","meta":{"_bbp_topic_count":0,"_bbp_reply_count":0,"_bbp_total_topic_count":0,"_bbp_total_reply_count":0,"_bbp_voice_count":0,"_bbp_anonymous_reply_count":0,"_bbp_topic_count_hidden":0,"_bbp_reply_count_hidden":0,"_bbp_forum_subforum_count":0},"_links":{"self":[{"href":"http:\/\/www.clic-chanteraine.com\/wordpress\/index.php?rest_route=\/wp\/v2\/pages\/62"}],"collection":[{"href":"http:\/\/www.clic-chanteraine.com\/wordpress\/index.php?rest_route=\/wp\/v2\/pages"}],"about":[{"href":"http:\/\/www.clic-chanteraine.com\/wordpress\/index.php?rest_route=\/wp\/v2\/types\/page"}],"author":[{"embeddable":true,"href":"http:\/\/www.clic-chanteraine.com\/wordpress\/index.php?rest_route=\/wp\/v2\/users\/1"}],"replies":[{"embeddable":true,"href":"http:\/\/www.clic-chanteraine.com\/wordpress\/index.php?rest_route=%2Fwp%2Fv2%2Fcomments&post=62"}],"version-history":[{"count":16,"href":"http:\/\/www.clic-chanteraine.com\/wordpress\/index.php?rest_route=\/wp\/v2\/pages\/62\/revisions"}],"predecessor-version":[{"id":3455,"href":"http:\/\/www.clic-chanteraine.com\/wordpress\/index.php?rest_route=\/wp\/v2\/pages\/62\/revisions\/3455"}],"wp:attachment":[{"href":"http:\/\/www.clic-chanteraine.com\/wordpress\/index.php?rest_route=%2Fwp%2Fv2%2Fmedia&parent=62"}],"curies":[{"name":"wp","href":"https:\/\/api.w.org\/{rel}","templated":true}]}}