{"id":64,"date":"2016-05-18T10:14:56","date_gmt":"2016-05-18T09:14:56","guid":{"rendered":"http:\/\/www.clic-chanteraine.com\/?page_id=64"},"modified":"2020-12-13T01:41:35","modified_gmt":"2020-12-13T00:41:35","slug":"les-activites-de-clic","status":"publish","type":"page","link":"http:\/\/www.clic-chanteraine.com\/wordpress\/?page_id=64","title":{"rendered":"Les Activit\u00e9s de CliC"},"content":{"rendered":"<p>Vous trouverez dans cette rubrique les diff\u00e9rentes activit\u00e9s de CliC<\/p>\n<ul>\n<li>Les r\u00e9unions de convivialit\u00e9<\/li>\n<li><a href=\"http:\/\/www.clic-chanteraine.com\/?page_id=66\">Le partage de connaissances<\/a><\/li>\n<li><a href=\"http:\/\/www.clic-chanteraine.com\/?page_id=72\">Les standards d\u00e9finis par CliC pour ses activit\u00e9s<\/a><\/li>\n<\/ul>\n","protected":false},"excerpt":{"rendered":"<p>Vous trouverez dans cette rubrique les diff\u00e9rentes activit\u00e9s de CliC Les r\u00e9unions de convivialit\u00e9 Le partage de connaissances Les standards d\u00e9finis par CliC pour ses activit\u00e9s<\/p>\n","protected":false},"author":1,"featured_media":0,"parent":0,"menu_order":0,"comment_status":"closed","ping_status":"closed","template":"","meta":{"_bbp_topic_count":0,"_bbp_reply_count":0,"_bbp_total_topic_count":0,"_bbp_total_reply_count":0,"_bbp_voice_count":0,"_bbp_anonymous_reply_count":0,"_bbp_topic_count_hidden":0,"_bbp_reply_count_hidden":0,"_bbp_forum_subforum_count":0},"_links":{"self":[{"href":"http:\/\/www.clic-chanteraine.com\/wordpress\/index.php?rest_route=\/wp\/v2\/pages\/64"}],"collection":[{"href":"http:\/\/www.clic-chanteraine.com\/wordpress\/index.php?rest_route=\/wp\/v2\/pages"}],"about":[{"href":"http:\/\/www.clic-chanteraine.com\/wordpress\/index.php?rest_route=\/wp\/v2\/types\/page"}],"author":[{"embeddable":true,"href":"http:\/\/www.clic-chanteraine.com\/wordpress\/index.php?rest_route=\/wp\/v2\/users\/1"}],"replies":[{"embeddable":true,"href":"http:\/\/www.clic-chanteraine.com\/wordpress\/index.php?rest_route=%2Fwp%2Fv2%2Fcomments&post=64"}],"version-history":[{"count":8,"href":"http:\/\/www.clic-chanteraine.com\/wordpress\/index.php?rest_route=\/wp\/v2\/pages\/64\/revisions"}],"predecessor-version":[{"id":3426,"href":"http:\/\/www.clic-chanteraine.com\/wordpress\/index.php?rest_route=\/wp\/v2\/pages\/64\/revisions\/3426"}],"wp:attachment":[{"href":"http:\/\/www.clic-chanteraine.com\/wordpress\/index.php?rest_route=%2Fwp%2Fv2%2Fmedia&parent=64"}],"curies":[{"name":"wp","href":"https:\/\/api.w.org\/{rel}","templated":true}]}}