{"id":66,"date":"2016-05-18T10:15:22","date_gmt":"2016-05-18T09:15:22","guid":{"rendered":"http:\/\/www.clic-chanteraine.com\/?page_id=66"},"modified":"2021-09-29T09:28:22","modified_gmt":"2021-09-29T08:28:22","slug":"le-partage-de-connaissances","status":"publish","type":"page","link":"http:\/\/www.clic-chanteraine.com\/wordpress\/?page_id=66","title":{"rendered":"Le Partage de Connaissances"},"content":{"rendered":"<h3><span style=\"color: #00ff00;\">Activit\u00e9s organis\u00e9es en trois groupes de niveaux<\/span><\/h3>\n<p>La base des activit\u00e9s de CliC est le partage des connaissances. Le principe en est fort simple. Tout membre de CliC, quelque soit son niveau, peut valablement aider les membres d&#8217;un niveau inf\u00e9rieur.<\/p>\n<p>Actuellement, CliC accueille<\/p>\n<ul>\n<li>Les vrais d\u00e9butants ou niveau 0<\/li>\n<li>Les faux-d\u00e9butants ou niveau 1<\/li>\n<li>Les initi\u00e9s ou niveau 2<\/li>\n<\/ul>\n<p>Chaque r\u00e9union comprend des activit\u00e9s li\u00e9es \u00e0 son niveau mais \u00e9galement apporte des r\u00e9ponses aux diff\u00e9rentes questions d&#8217;int\u00e9r\u00eat g\u00e9n\u00e9ral pos\u00e9es par les participants.<\/p>\n<hr \/>\n<h3><span style=\"color: #008000;\"><a href=\"http:\/\/www.clic-chanteraine.com\/wordpress\/wp-content\/uploads\/2016\/05\/internet-accompagn\u00e9.jpg\"><img decoding=\"async\" loading=\"lazy\" class=\"wp-image-860 size-medium alignleft\" src=\"http:\/\/www.clic-chanteraine.com\/wordpress\/wp-content\/uploads\/2016\/05\/internet-accompagn\u00e9-300x300.jpg\" width=\"300\" height=\"300\" srcset=\"http:\/\/www.clic-chanteraine.com\/wordpress\/wp-content\/uploads\/2016\/05\/internet-accompagn\u00e9-300x300.jpg 300w, http:\/\/www.clic-chanteraine.com\/wordpress\/wp-content\/uploads\/2016\/05\/internet-accompagn\u00e9-150x150.jpg 150w, http:\/\/www.clic-chanteraine.com\/wordpress\/wp-content\/uploads\/2016\/05\/internet-accompagn\u00e9-200x200.jpg 200w, http:\/\/www.clic-chanteraine.com\/wordpress\/wp-content\/uploads\/2016\/05\/internet-accompagn\u00e9.jpg 600w\" sizes=\"(max-width: 300px) 100vw, 300px\" \/><\/a><span style=\"color: #00ff00;\">Les vrais d\u00e9butants ou niveau 0<\/span><\/span><\/h3>\n<p style=\"text-align: justify;\">Toute personne n&#8217;ayant aucune exp\u00e9rience informatique, ou n&#8217;ayant jamais utilis\u00e9 un outil informatique, peut venir \u00e0 CliC. Pour des raisons pratiques, CliC privil\u00e9gie l&#8217;adh\u00e9sion de ce type d&#8217;adh\u00e9rent en d\u00e9but de cycle annuel, c&#8217;est \u00e0 dire lors de la reprise de la nouvelle ann\u00e9e scolaire. <span style=\"color: #00ff00;\">Le groupe se r\u00e9unit le lundi de 14h00 \u00e0 16h00\u00a0<\/span><\/p>\n<p style=\"text-align: justify;\">Les objectifs seront d&#8217;acqu\u00e9rir les notions de base pour utiliser la machine. Ma\u00eetrise du clavier, de la souris et tout premier contact avec le syst\u00e8me d&#8217;exploitation en vigueur, aujourd&#8217;hui &#8220;Windows 10&#8221;. Progressivement seront abord\u00e9es les notions de dossiers et de fichiers et les principes simples du classement. On utilisera pour la premi\u00e8re fois Internet en abordant les notions de &#8220;navigateur&#8221; et de &#8220;moteur de recherche&#8221;.<\/p>\n<hr \/>\n<h3><strong><span style=\"color: #008000;\"><a href=\"http:\/\/www.clic-chanteraine.com\/wordpress\/wp-content\/uploads\/2016\/05\/Debutant.jpg\"><img decoding=\"async\" loading=\"lazy\" class=\"wp-image-862 size-full alignright\" src=\"http:\/\/www.clic-chanteraine.com\/wordpress\/wp-content\/uploads\/2016\/05\/Debutant.jpg\" width=\"300\" height=\"300\" srcset=\"http:\/\/www.clic-chanteraine.com\/wordpress\/wp-content\/uploads\/2016\/05\/Debutant.jpg 300w, http:\/\/www.clic-chanteraine.com\/wordpress\/wp-content\/uploads\/2016\/05\/Debutant-150x150.jpg 150w, http:\/\/www.clic-chanteraine.com\/wordpress\/wp-content\/uploads\/2016\/05\/Debutant-200x200.jpg 200w\" sizes=\"(max-width: 300px) 100vw, 300px\" \/><\/a><span style=\"color: #00ff00;\">Les faux d\u00e9butants ou niveau 1<\/span><\/span><\/strong><\/h3>\n<p style=\"text-align: justify;\">Ils ont leur permis &#8220;Internet&#8221; mais limit\u00e9 \u00e0 90 o\/s !!<\/p>\n<p style=\"text-align: justify;\">Ce groupe de niveau concerne les adh\u00e9rents qui ont d\u00e9j\u00e0 pu avoir acc\u00e8s \u00e0 l&#8217;outil informatique. Ils sont cens\u00e9s conna\u00eetre l&#8217;usage du clavier et le maniement de la souris. Ils sont donc autonomes pour utiliser la machine.<\/p>\n<p style=\"text-align: justify;\">Ici l&#8217;objectif sera de ma\u00eetriser totalement la machine et d&#8217;apprendre le fonctionnement du syst\u00e8me d&#8217;exploitation. Param\u00e9trage de la machine, de ses p\u00e9riph\u00e9riques, de ses connexions. Seront \u00e9galement abord\u00e9es les notions de &#8220;logiciels&#8221; et utilisation des outils de base\u00a0comme la gestion des documents,\u00a0des images, du son et des communications. Cet apprentissage concerne \u00e9galement la gestion compl\u00e8te des eMails avec tous les outils disponibles dont &#8220;Microsoft Outlook&#8221;.<\/p>\n<p style=\"text-align: justify;\">Approfondissement \u00e9galement de l&#8217;utilisation d&#8217;internet avec ses grands sites de base : &#8220;Google&#8221;, &#8220;YouTube&#8221; et autres.<\/p>\n<hr \/>\n<h3><span style=\"color: #008000;\"><a href=\"http:\/\/www.clic-chanteraine.com\/wordpress\/wp-content\/uploads\/2016\/05\/les-inities-4.jpg\"><img decoding=\"async\" loading=\"lazy\" class=\"alignleft wp-image-864 size-medium\" src=\"http:\/\/www.clic-chanteraine.com\/wordpress\/wp-content\/uploads\/2016\/05\/les-inities-4-300x187.jpg\" alt=\"les-inities-4\" width=\"300\" height=\"187\" srcset=\"http:\/\/www.clic-chanteraine.com\/wordpress\/wp-content\/uploads\/2016\/05\/les-inities-4-300x187.jpg 300w, http:\/\/www.clic-chanteraine.com\/wordpress\/wp-content\/uploads\/2016\/05\/les-inities-4.jpg 750w\" sizes=\"(max-width: 300px) 100vw, 300px\" \/><\/a><span style=\"color: #00ff00;\">Les initi\u00e9s<\/span><\/span><\/h3>\n<p style=\"text-align: justify;\">Ils ma\u00eetrisent le WiFi &#8230; et tout le jargon \u00e9sot\u00e9rique de l&#8217;informaticien de base.<\/p>\n<p style=\"text-align: justify;\">Le groupe des initi\u00e9s comprend donc tous les adh\u00e9rents qui ont assimil\u00e9 (ou presque) les notions des deux premiers niveaux. Dans ce groupe, l&#8217;activit\u00e9 concernera d&#8217;une part l&#8217;utilisation des logiciels sp\u00e9cialis\u00e9s (Bureautique, son, image, vid\u00e9o, t\u00e9l\u00e9chargement, internet, communications) et l&#8217;approfondissement de la gestion des p\u00e9riph\u00e9riques comme les p\u00e9riph\u00e9riques r\u00e9seaux, d&#8217;impression, scanners, cam\u00e9ras, appareils photos etc &#8230;<\/p>\n<p style=\"text-align: justify;\">Pour ce faire, le groupe utilise tous les produits qui ont \u00e9t\u00e9 d\u00e9finis comme &#8220;standards&#8221; de CliC. Vous en trouverez la liste<a href=\"http:\/\/www.clic-chanteraine.com\/?page_id=72\"> ici<\/a>. Par principe seront privil\u00e9gi\u00e9s tous les logiciels de base inclus dans Windows 10 puis, en second lieu, ceux d\u00e9finis comme &#8220;standards&#8221; de CliC.<\/p>\n<hr \/>\n<p style=\"text-align: justify;\">Selon les sujets abord\u00e9s, les groupes faux d\u00e9butants et initi\u00e9s se r\u00e9unissent<\/p>\n<ul>\n<li style=\"text-align: justify;\"><span style=\"color: #00ff00;\">le lundi de 16h00 \u00e0 18h00\u00a0<\/span><\/li>\n<li><span style=\"color: #00ff00;\">le jeudi de 9h30 \u00e0 11h30<\/span><\/li>\n<li><span style=\"color: #00ff00;\">le jeudi de 13h30 \u00e0 15h30<\/span><\/li>\n<li><span style=\"color: #00ff00;\">le jeudi de 15h45 \u00e0 17h45\u00a0<\/span><\/li>\n<li><span style=\"color: #00ff00;\">le jeudi de 18h00 \u00e0 20h00<\/span><\/li>\n<\/ul>\n\n\n<p><\/p>\n","protected":false},"excerpt":{"rendered":"<p>Activit\u00e9s organis\u00e9es en trois groupes de niveaux La base des activit\u00e9s de CliC est le partage des connaissances. Le principe en est fort simple. Tout membre de CliC, quelque soit son niveau, peut valablement aider les membres d&#8217;un niveau inf\u00e9rieur. Actuellement, CliC accueille Les vrais <a class=\"more-link\" href=\"http:\/\/www.clic-chanteraine.com\/wordpress\/?page_id=66\">Lire plus &#8230;<\/a><\/p>\n","protected":false},"author":1,"featured_media":0,"parent":0,"menu_order":0,"comment_status":"closed","ping_status":"closed","template":"","meta":{"_bbp_topic_count":0,"_bbp_reply_count":0,"_bbp_total_topic_count":0,"_bbp_total_reply_count":0,"_bbp_voice_count":0,"_bbp_anonymous_reply_count":0,"_bbp_topic_count_hidden":0,"_bbp_reply_count_hidden":0,"_bbp_forum_subforum_count":0},"_links":{"self":[{"href":"http:\/\/www.clic-chanteraine.com\/wordpress\/index.php?rest_route=\/wp\/v2\/pages\/66"}],"collection":[{"href":"http:\/\/www.clic-chanteraine.com\/wordpress\/index.php?rest_route=\/wp\/v2\/pages"}],"about":[{"href":"http:\/\/www.clic-chanteraine.com\/wordpress\/index.php?rest_route=\/wp\/v2\/types\/page"}],"author":[{"embeddable":true,"href":"http:\/\/www.clic-chanteraine.com\/wordpress\/index.php?rest_route=\/wp\/v2\/users\/1"}],"replies":[{"embeddable":true,"href":"http:\/\/www.clic-chanteraine.com\/wordpress\/index.php?rest_route=%2Fwp%2Fv2%2Fcomments&post=66"}],"version-history":[{"count":20,"href":"http:\/\/www.clic-chanteraine.com\/wordpress\/index.php?rest_route=\/wp\/v2\/pages\/66\/revisions"}],"predecessor-version":[{"id":3566,"href":"http:\/\/www.clic-chanteraine.com\/wordpress\/index.php?rest_route=\/wp\/v2\/pages\/66\/revisions\/3566"}],"wp:attachment":[{"href":"http:\/\/www.clic-chanteraine.com\/wordpress\/index.php?rest_route=%2Fwp%2Fv2%2Fmedia&parent=66"}],"curies":[{"name":"wp","href":"https:\/\/api.w.org\/{rel}","templated":true}]}}