{"id":76,"date":"2016-05-18T10:17:40","date_gmt":"2016-05-18T09:17:40","guid":{"rendered":"http:\/\/www.clic-chanteraine.com\/?page_id=76"},"modified":"2020-12-16T21:41:54","modified_gmt":"2020-12-16T20:41:54","slug":"ou-sommes-nous","status":"publish","type":"page","link":"http:\/\/www.clic-chanteraine.com\/wordpress\/?page_id=76","title":{"rendered":"O\u00f9 sommes-nous ?"},"content":{"rendered":"<p><img decoding=\"async\" loading=\"lazy\" class=\"alignleft wp-image-472 size-full\" src=\"http:\/\/www.clic-chanteraine.com\/wp-content\/uploads\/2016\/05\/facade-clic-1020x550.png\" alt=\"facade-clic-1020x550\" width=\"1020\" height=\"550\" srcset=\"http:\/\/www.clic-chanteraine.com\/wordpress\/wp-content\/uploads\/2016\/05\/facade-clic-1020x550.png 1020w, http:\/\/www.clic-chanteraine.com\/wordpress\/wp-content\/uploads\/2016\/05\/facade-clic-1020x550-300x162.png 300w\" sizes=\"(max-width: 1020px) 100vw, 1020px\" \/><\/p>\n<p>L&#8217;espace informatique de CliC est situ\u00e9 au 22 de la rue de Joigny \u00e0 Villefranche-Saint-Phal, petit village de Puisaye-Forterre faisant partie de la commune nouvelle de CHARNY Or\u00e9e-de-Puisaye. Situ\u00e9 dans un environnement rural verdoyant, Villefranche est \u00e0 moins de 150 km de Paris sur l&#8217;axe JOIGNY-MONTARGIS. L&#8217;acc\u00e8s \u00e0 l&#8217;autoroute A6 est \u00e0 moins de 10 km. L&#8217;espace informatique est au c\u0153ur du village, face \u00e0 l&#8217;agence postale. De l&#8217;autre cot\u00e9 de la rue, l&#8217;entr\u00e9e vers le parc de la mairie.<\/p>\n<p>pour nous situer, cliquez<a href=\"https:\/\/www.google.fr\/maps\/place\/22+Rue+de+Joigny,+89120+Villefranche\/@47.9387445,3.1291586,17z\/data=!4m5!3m4!1s0x47efa3ca0a24333d:0xd8e6e3cb2fae58a6!8m2!3d47.9387445!4d3.1313473?hl=fr\" target=\"_blank\" rel=\"noopener noreferrer\"> ici<\/a><\/p>\n","protected":false},"excerpt":{"rendered":"<p>L&#8217;espace informatique de CliC est situ\u00e9 au 22 de la rue de Joigny \u00e0 Villefranche-Saint-Phal, petit village de Puisaye-Forterre faisant partie de la commune nouvelle de CHARNY Or\u00e9e-de-Puisaye. Situ\u00e9 dans un environnement rural verdoyant, Villefranche est \u00e0 moins de 150 km de Paris sur l&#8217;axe <a class=\"more-link\" href=\"http:\/\/www.clic-chanteraine.com\/wordpress\/?page_id=76\">Lire plus &#8230;<\/a><\/p>\n","protected":false},"author":1,"featured_media":0,"parent":0,"menu_order":0,"comment_status":"closed","ping_status":"closed","template":"","meta":{"_bbp_topic_count":0,"_bbp_reply_count":0,"_bbp_total_topic_count":0,"_bbp_total_reply_count":0,"_bbp_voice_count":0,"_bbp_anonymous_reply_count":0,"_bbp_topic_count_hidden":0,"_bbp_reply_count_hidden":0,"_bbp_forum_subforum_count":0},"_links":{"self":[{"href":"http:\/\/www.clic-chanteraine.com\/wordpress\/index.php?rest_route=\/wp\/v2\/pages\/76"}],"collection":[{"href":"http:\/\/www.clic-chanteraine.com\/wordpress\/index.php?rest_route=\/wp\/v2\/pages"}],"about":[{"href":"http:\/\/www.clic-chanteraine.com\/wordpress\/index.php?rest_route=\/wp\/v2\/types\/page"}],"author":[{"embeddable":true,"href":"http:\/\/www.clic-chanteraine.com\/wordpress\/index.php?rest_route=\/wp\/v2\/users\/1"}],"replies":[{"embeddable":true,"href":"http:\/\/www.clic-chanteraine.com\/wordpress\/index.php?rest_route=%2Fwp%2Fv2%2Fcomments&post=76"}],"version-history":[{"count":9,"href":"http:\/\/www.clic-chanteraine.com\/wordpress\/index.php?rest_route=\/wp\/v2\/pages\/76\/revisions"}],"predecessor-version":[{"id":3467,"href":"http:\/\/www.clic-chanteraine.com\/wordpress\/index.php?rest_route=\/wp\/v2\/pages\/76\/revisions\/3467"}],"wp:attachment":[{"href":"http:\/\/www.clic-chanteraine.com\/wordpress\/index.php?rest_route=%2Fwp%2Fv2%2Fmedia&parent=76"}],"curies":[{"name":"wp","href":"https:\/\/api.w.org\/{rel}","templated":true}]}}