{"id":78,"date":"2016-05-18T10:18:48","date_gmt":"2016-05-18T09:18:48","guid":{"rendered":"http:\/\/www.clic-chanteraine.com\/?page_id=78"},"modified":"2017-01-13T18:57:47","modified_gmt":"2017-01-13T17:57:47","slug":"charny-oree-de-puisaye","status":"publish","type":"page","link":"http:\/\/www.clic-chanteraine.com\/wordpress\/?page_id=78","title":{"rendered":"Charny Or\u00e9e de Puisaye"},"content":{"rendered":"<p><span style=\"text-decoration: underline;\"><strong><span style=\"color: #99cc00; text-decoration: underline;\"><a href=\"http:\/\/www.clic-chanteraine.com\/wp-content\/uploads\/2016\/05\/logo_yonne.jpg\"><br \/>\n<\/a><a href=\"http:\/\/www.clic-chanteraine.com\/wordpress\/wp-content\/uploads\/2016\/05\/logo_yonne.jpg\"><img decoding=\"async\" loading=\"lazy\" class=\"wp-image-579 alignleft\" src=\"http:\/\/www.clic-chanteraine.com\/wordpress\/wp-content\/uploads\/2016\/05\/logo_yonne-300x300.jpg\" width=\"127\" height=\"127\" srcset=\"http:\/\/www.clic-chanteraine.com\/wordpress\/wp-content\/uploads\/2016\/05\/logo_yonne-300x300.jpg 300w, http:\/\/www.clic-chanteraine.com\/wordpress\/wp-content\/uploads\/2016\/05\/logo_yonne-150x150.jpg 150w, http:\/\/www.clic-chanteraine.com\/wordpress\/wp-content\/uploads\/2016\/05\/logo_yonne-200x200.jpg 200w, http:\/\/www.clic-chanteraine.com\/wordpress\/wp-content\/uploads\/2016\/05\/logo_yonne.jpg 474w\" sizes=\"(max-width: 127px) 100vw, 127px\" \/><\/a><\/span><\/strong><\/span><\/p>\n<p><strong>Charny Or\u00e9e-de-Puisaye premi\u00e8re commune nouvelle de l&#8217;Yonne !<\/strong><\/p>\n<p><a href=\"http:\/\/www.clic-chanteraine.com\/wordpress\/wp-content\/uploads\/2016\/05\/Charny-or\u00e9e-de-Puisaye.jpg\"><img decoding=\"async\" loading=\"lazy\" class=\"wp-image-214 alignright\" src=\"http:\/\/www.clic-chanteraine.com\/wordpress\/wp-content\/uploads\/2016\/05\/Charny-or\u00e9e-de-Puisaye-300x201.jpg\" width=\"538\" height=\"361\" srcset=\"http:\/\/www.clic-chanteraine.com\/wordpress\/wp-content\/uploads\/2016\/05\/Charny-or\u00e9e-de-Puisaye-300x201.jpg 300w, http:\/\/www.clic-chanteraine.com\/wordpress\/wp-content\/uploads\/2016\/05\/Charny-or\u00e9e-de-Puisaye.jpg 740w\" sizes=\"(max-width: 538px) 100vw, 538px\" \/><\/a><\/p>\n<p>&nbsp;<\/p>\n<p>&nbsp;<\/p>\n<p>Au terme d\u2019un long travail entre les \u00e9lus des communes concern\u00e9es et les services de l\u2019Etat, la premi\u00e8re commune nouvelle de l\u2019Yonne\u00a0a \u00e9t\u00e9 cr\u00e9\u00e9e par arr\u00eat\u00e9 pr\u00e9fectoral du 13 novembre 2015.\u00a0Elle\u00a0a \u00e9t\u00e9\u00a0mise en place \u00e0 compter du 1er janvier 2016.<\/p>\n<p style=\"text-align: justify;\">Cette &#8220;commune nouvelle&#8221;, d\u00e9nomm\u00e9e &#8220;Charny Or\u00e9e-de-Puisaye&#8221;, est compos\u00e9e de 14 communes :<br \/>\nChambeugle, Charny, Ch\u00eane Arnoult, Chevillon, Dicy, Fontenouilles, Grandchamp, Malicorne, Marchais-B\u00e9ton, Perreux, Prunoy, Saint-Denis-sur-Ouanne, Saint-Martin-sur-Ouanne et Villefranche Saint-Phal.<\/p>\n<p style=\"text-align: justify;\">La commune nouvelle de &#8220;Charny Or\u00e9e-de-Puisaye&#8221;\u00a0recense d\u00e9sormais plus de 5.000 habitants contre au maximum 1.600 pour Charny auparavant. Les caract\u00e9ristiques des 14 communes d\u00e9l\u00e9gu\u00e9es sont retrac\u00e9es dans le tableau ci-dessus.<\/p>\n<p style=\"text-align: justify;\">Le maire de la commune nouvelle, Michel COURTOIS, a \u00e9t\u00e9 \u00e9lu lors de la 1\u00e8re r\u00e9union du conseil communautaire. Les 13 autres maires deviennent &#8220;maires d\u00e9l\u00e9gu\u00e9s&#8221;. Un nouveau maire d\u00e9l\u00e9gu\u00e9\u00a0a\u00a0\u00e9t\u00e9\u00a0d\u00e9sign\u00e9, en qualit\u00e9 de maire d\u00e9l\u00e9gu\u00e9 de la commune de PERREUX, en remplacement de Michel COURTOIS.<\/p>\n<p style=\"text-align: justify;\">Le conseil de la commune nouvelle comprend 75 membres issus des divers conseils municipaux des communes d\u00e9l\u00e9gu\u00e9s. Ce conseil restera en place jusqu&#8217;aux prochaines \u00e9lections municipales.<\/p>\n<div id=\"attachment_2006\" style=\"width: 260px\" class=\"wp-caption aligncenter\"><a href=\"http:\/\/www.clic-chanteraine.com\/wordpress\/wp-content\/uploads\/2016\/05\/Visite-guid\u00e9e-de-la-Commune-de-Charny-Or\u00e9e-de-Puisaye.mp4\" target=\"_blank\"><img aria-describedby=\"caption-attachment-2006\" decoding=\"async\" loading=\"lazy\" class=\"wp-image-2006 size-full\" src=\"http:\/\/www.clic-chanteraine.com\/wordpress\/wp-content\/uploads\/2016\/05\/logo-commune-nouvelle-de-Charny-Or\u00e9\u00e9-de-Puisaye.png\" alt=\"logo commune nouvelle de Charny Or\u00e9e de Puisaye\" width=\"250\" height=\"104\" \/><\/a><p id=\"caption-attachment-2006\" class=\"wp-caption-text\">Cliquez sur le logo pour visiter Charny-Or\u00e9e-de-Puisaye<\/p><\/div>\n","protected":false},"excerpt":{"rendered":"<p>Charny Or\u00e9e-de-Puisaye premi\u00e8re commune nouvelle de l&#8217;Yonne ! &nbsp; &nbsp; Au terme d\u2019un long travail entre les \u00e9lus des communes concern\u00e9es et les services de l\u2019Etat, la premi\u00e8re commune nouvelle de l\u2019Yonne\u00a0a \u00e9t\u00e9 cr\u00e9\u00e9e par arr\u00eat\u00e9 pr\u00e9fectoral du 13 novembre 2015.\u00a0Elle\u00a0a \u00e9t\u00e9\u00a0mise en place \u00e0 <a class=\"more-link\" href=\"http:\/\/www.clic-chanteraine.com\/wordpress\/?page_id=78\">Lire plus &#8230;<\/a><\/p>\n","protected":false},"author":1,"featured_media":0,"parent":0,"menu_order":0,"comment_status":"closed","ping_status":"closed","template":"","meta":{"_bbp_topic_count":0,"_bbp_reply_count":0,"_bbp_total_topic_count":0,"_bbp_total_reply_count":0,"_bbp_voice_count":0,"_bbp_anonymous_reply_count":0,"_bbp_topic_count_hidden":0,"_bbp_reply_count_hidden":0,"_bbp_forum_subforum_count":0},"_links":{"self":[{"href":"http:\/\/www.clic-chanteraine.com\/wordpress\/index.php?rest_route=\/wp\/v2\/pages\/78"}],"collection":[{"href":"http:\/\/www.clic-chanteraine.com\/wordpress\/index.php?rest_route=\/wp\/v2\/pages"}],"about":[{"href":"http:\/\/www.clic-chanteraine.com\/wordpress\/index.php?rest_route=\/wp\/v2\/types\/page"}],"author":[{"embeddable":true,"href":"http:\/\/www.clic-chanteraine.com\/wordpress\/index.php?rest_route=\/wp\/v2\/users\/1"}],"replies":[{"embeddable":true,"href":"http:\/\/www.clic-chanteraine.com\/wordpress\/index.php?rest_route=%2Fwp%2Fv2%2Fcomments&post=78"}],"version-history":[{"count":19,"href":"http:\/\/www.clic-chanteraine.com\/wordpress\/index.php?rest_route=\/wp\/v2\/pages\/78\/revisions"}],"predecessor-version":[{"id":2007,"href":"http:\/\/www.clic-chanteraine.com\/wordpress\/index.php?rest_route=\/wp\/v2\/pages\/78\/revisions\/2007"}],"wp:attachment":[{"href":"http:\/\/www.clic-chanteraine.com\/wordpress\/index.php?rest_route=%2Fwp%2Fv2%2Fmedia&parent=78"}],"curies":[{"name":"wp","href":"https:\/\/api.w.org\/{rel}","templated":true}]}}