{"id":789,"date":"2016-05-28T13:57:59","date_gmt":"2016-05-28T12:57:59","guid":{"rendered":"http:\/\/www.clic-chanteraine.com\/?page_id=789"},"modified":"2020-12-16T21:18:58","modified_gmt":"2020-12-16T20:18:58","slug":"partenaires-de-clic","status":"publish","type":"page","link":"http:\/\/www.clic-chanteraine.com\/wordpress\/?page_id=789","title":{"rendered":"Partenaires de CliC"},"content":{"rendered":"<hr \/>\n<h4>La Commune Nouvelle de Charny Or\u00e9e-de-Puisaye<\/h4>\n<p><img decoding=\"async\" loading=\"lazy\" class=\"alignleft wp-image-571 size-full\" src=\"http:\/\/www.clic-chanteraine.com\/wordpress\/wp-content\/uploads\/2016\/05\/logo-commune-nouvelle-de-Charny-Or\u00e9\u00e9-de-Puisaye.png\" alt=\"logo commune nouvelle de Charny Or\u00e9\u00e9 de Puisaye\" width=\"250\" height=\"104\" \/><\/p>\n<p>La commune nouvelle de Charny Or\u00e9e-de-Puisaye est notre entit\u00e9\u00a0administrative. Elle a remplac\u00e9 la Communaut\u00e9 de Communes des C\u00f4teaux de la Chanteraine (4C), puis la communaut\u00e9 de communes de l&#8217;Or\u00e9e de Puisaye (CCOP) qui lui avait succ\u00e9d\u00e9. Il s&#8217;agit d&#8217;un stade transitoire du regroupement de nos communes rurales puisque la loi NOTRe (nouvelle organisation territoriale de la R\u00e9publique)\u00a0pr\u00e9voit une nouvelle \u00e9tape vers 2022 pour atteindre le seuil pr\u00e9vu de 15.000 habitants. Conform\u00e9ment \u00e0 nos statuts, un membre du conseil de la commune nouvelle si\u00e8ge \u00e0 notre bureau en qualit\u00e9 de membre honoraire sans droit de vote. Il s&#8217;agit en 2016, de M.\u00a0Jean-Pierre GERARDIN. Le premier maire d\u00e9sign\u00e9 de la Commune Nouvelle est M. Michel COURTOIS. \u00a0 \u00a0 \u00a0 Site web : <a href=\"http:\/\/www.ccop.fr\" target=\"_blank\" rel=\"noopener noreferrer\">http:\/\/www.ccop.fr<\/a><\/p>\n<hr \/>\n<h4>Le Cr\u00e9dit Agricole<\/h4>\n<p><img decoding=\"async\" loading=\"lazy\" class=\"wp-image-790  alignleft\" src=\"http:\/\/www.clic-chanteraine.com\/wordpress\/wp-content\/uploads\/2016\/05\/credit_agricole-300x245.jpg\" width=\"249\" height=\"203\" srcset=\"http:\/\/www.clic-chanteraine.com\/wordpress\/wp-content\/uploads\/2016\/05\/credit_agricole-300x245.jpg 300w, http:\/\/www.clic-chanteraine.com\/wordpress\/wp-content\/uploads\/2016\/05\/credit_agricole-1024x837.jpg 1024w, http:\/\/www.clic-chanteraine.com\/wordpress\/wp-content\/uploads\/2016\/05\/credit_agricole.jpg 1400w\" sizes=\"(max-width: 249px) 100vw, 249px\" \/><\/p>\n<p style=\"text-align: justify;\">Le cr\u00e9dit agricole est la banque de notre association depuis sa cr\u00e9ation en 2011. Notre compte est tenu \u00e0 l&#8217;agence de Charny Or\u00e9e-de-Puisaye. Le Cr\u00e9dit Agricole accompagne les associations locales dans leurs actions et sponsorise un certain nombre d&#8217;activit\u00e9s et de manifestations. Chaque ann\u00e9e le C.A permet \u00e0 CliC de diffuser un nouveau Flyer en accordant la gratuit\u00e9 de son impression. CliC participe chaque ann\u00e9e \u00e0 la r\u00e9union de la caisse locale, commune avec celles de Saint-Fargeau et de Bl\u00e9neau.<\/p>\n<p style=\"text-align: justify;\">Cr\u00e9dit Agricole, Succursale de Charny,\u00a04 Rue Andr\u00e9 Martin &#8211; Charny 89120 CHARNY OREE-DE-PUISAYE<\/p>\n<p style=\"text-align: justify;\">Site Web : <a href=\"https:\/\/www.ca-cb.fr\/banque-assurance\/charny\/charny.html\" target=\"_blank\" rel=\"noopener noreferrer\">Cr\u00e9dit Agricole Champagne Bourgogne<\/a><\/p>\n<hr \/>\n<h4>\u00a0ADB Solidatech<\/h4>\n<p><img decoding=\"async\" loading=\"lazy\" class=\"wp-image-791 size-medium alignleft\" src=\"http:\/\/www.clic-chanteraine.com\/wordpress\/wp-content\/uploads\/2016\/05\/adb_solidatech_new-300x179.jpg\" width=\"300\" height=\"179\" srcset=\"http:\/\/www.clic-chanteraine.com\/wordpress\/wp-content\/uploads\/2016\/05\/adb_solidatech_new-300x179.jpg 300w, http:\/\/www.clic-chanteraine.com\/wordpress\/wp-content\/uploads\/2016\/05\/adb_solidatech_new.jpg 531w\" sizes=\"(max-width: 300px) 100vw, 300px\" \/><\/p>\n<p style=\"text-align: justify;\">ADB Solidatech est une association d\u00e9pendant d&#8217;Emma\u00fcs France.\u00a0Le programme ADB Solidatech a pour mission de renforcer l&#8217;impact des associations, des biblioth\u00e8ques publiques et des fondations fran\u00e7aises, par le num\u00e9rique. Lanc\u00e9 en 2008, il est port\u00e9 par \u00ab Les Ateliers du Bocage \u00bb, entreprise d&#8217;insertion membre d\u2019Emma\u00fcs France, en partenariat avec le r\u00e9seau international de solidarit\u00e9 num\u00e9rique : TechSoup.<\/p>\n<p style=\"text-align: justify;\">ADB Solidatech met \u00e0 la disposition des associations, des biblioth\u00e8ques publiques et des fondations plus de 220 r\u00e9f\u00e9rences de solutions et d\u2019\u00e9quipements informatiques \u00e0 tarifs solidaires, gr\u00e2ce \u00e0 ses partenaires technologiques.<\/p>\n<p style=\"text-align: justify;\">Une participation financi\u00e8re, demand\u00e9e aux structures b\u00e9n\u00e9ficiaires pour chaque outil acquis (repr\u00e9sentant environ 6% de leur valeur marchande), permet de couvrir les frais de fonctionnement du programme. Le site internet :\u00a0<a href=\"https:\/\/www.solidatech.fr\">https:\/\/www.solidatech.fr<\/a><\/p>\n<hr \/>\n<h4><img decoding=\"async\" loading=\"lazy\" class=\"alignleft wp-image-775 size-medium\" src=\"http:\/\/www.clic-chanteraine.com\/wordpress\/wp-content\/uploads\/2016\/05\/4D-169x300.jpg\" alt=\"4D\" width=\"169\" height=\"300\" srcset=\"http:\/\/www.clic-chanteraine.com\/wordpress\/wp-content\/uploads\/2016\/05\/4D-169x300.jpg 169w, http:\/\/www.clic-chanteraine.com\/wordpress\/wp-content\/uploads\/2016\/05\/4D.jpg 531w\" sizes=\"(max-width: 169px) 100vw, 169px\" \/>4D<\/h4>\n<p style=\"text-align: justify;\">4D, gestionnaire de bases de donn\u00e9es relationnelles de 4\u00e8me g\u00e9n\u00e9ration, permet de concevoir graphiquement toutes les\u00a0applications informatiques, m\u00eame les plus complexes . Les fonctions de l&#8217;environnement de d\u00e9veloppement 4D permettent de construire un\u00a0projet de A \u00e0 Z en visualisant \u00e0 tout instant le r\u00e9sultat final, depuis la structure des donn\u00e9es jusqu&#8217;\u00e0 l&#8217;interface utilisateur. Avec une interface et un langage totalement en fran\u00e7ais, 4D est accessible, tant par\u00a0son utilisation que par ses outils de d\u00e9veloppement, au grand public comme aux professionnels.<\/p>\n<p style=\"text-align: justify;\">4D a reconnu notre association comme membre \u00e0 part enti\u00e8re\u00a0\u00a0d&#8217;enseignement de l&#8217;outil de d\u00e9veloppement informatique et nous a accord\u00e9 les dix\u00a0licences gratuites, sp\u00e9ciales enseignement, qui \u00e9quipent nos machines. Ces licences sp\u00e9cifiques sont pleinement fonctionnelles et permettent, aux membres qui veulent s&#8217;initier \u00e0 la programmation, d&#8217;aborder un langage simple en fran\u00e7ais.<\/p>\n<p>Le site internet : <a href=\"http:\/\/www.4d.fr\" target=\"_blank\" rel=\"noopener noreferrer\">http:\/\/www.4d.fr<\/a><\/p>\n<hr \/>\n","protected":false},"excerpt":{"rendered":"<p>La Commune Nouvelle de Charny Or\u00e9e-de-Puisaye La commune nouvelle de Charny Or\u00e9e-de-Puisaye est notre entit\u00e9\u00a0administrative. Elle a remplac\u00e9 la Communaut\u00e9 de Communes des C\u00f4teaux de la Chanteraine (4C), puis la communaut\u00e9 de communes de l&#8217;Or\u00e9e de Puisaye (CCOP) qui lui avait succ\u00e9d\u00e9. Il s&#8217;agit d&#8217;un <a class=\"more-link\" href=\"http:\/\/www.clic-chanteraine.com\/wordpress\/?page_id=789\">Lire plus &#8230;<\/a><\/p>\n","protected":false},"author":1,"featured_media":0,"parent":0,"menu_order":0,"comment_status":"closed","ping_status":"closed","template":"","meta":{"_bbp_topic_count":0,"_bbp_reply_count":0,"_bbp_total_topic_count":0,"_bbp_total_reply_count":0,"_bbp_voice_count":0,"_bbp_anonymous_reply_count":0,"_bbp_topic_count_hidden":0,"_bbp_reply_count_hidden":0,"_bbp_forum_subforum_count":0},"_links":{"self":[{"href":"http:\/\/www.clic-chanteraine.com\/wordpress\/index.php?rest_route=\/wp\/v2\/pages\/789"}],"collection":[{"href":"http:\/\/www.clic-chanteraine.com\/wordpress\/index.php?rest_route=\/wp\/v2\/pages"}],"about":[{"href":"http:\/\/www.clic-chanteraine.com\/wordpress\/index.php?rest_route=\/wp\/v2\/types\/page"}],"author":[{"embeddable":true,"href":"http:\/\/www.clic-chanteraine.com\/wordpress\/index.php?rest_route=\/wp\/v2\/users\/1"}],"replies":[{"embeddable":true,"href":"http:\/\/www.clic-chanteraine.com\/wordpress\/index.php?rest_route=%2Fwp%2Fv2%2Fcomments&post=789"}],"version-history":[{"count":12,"href":"http:\/\/www.clic-chanteraine.com\/wordpress\/index.php?rest_route=\/wp\/v2\/pages\/789\/revisions"}],"predecessor-version":[{"id":3461,"href":"http:\/\/www.clic-chanteraine.com\/wordpress\/index.php?rest_route=\/wp\/v2\/pages\/789\/revisions\/3461"}],"wp:attachment":[{"href":"http:\/\/www.clic-chanteraine.com\/wordpress\/index.php?rest_route=%2Fwp%2Fv2%2Fmedia&parent=789"}],"curies":[{"name":"wp","href":"https:\/\/api.w.org\/{rel}","templated":true}]}}