{"id":82,"date":"2016-05-18T10:19:11","date_gmt":"2016-05-18T09:19:11","guid":{"rendered":"http:\/\/www.clic-chanteraine.com\/?page_id=82"},"modified":"2020-12-16T22:07:51","modified_gmt":"2020-12-16T21:07:51","slug":"prunoy","status":"publish","type":"page","link":"http:\/\/www.clic-chanteraine.com\/wordpress\/?page_id=82","title":{"rendered":"Prunoy"},"content":{"rendered":"<div id=\"attachment_217\" style=\"width: 1635px\" class=\"wp-caption alignnone\"><a href=\"http:\/\/www.clic-chanteraine.com\/wp-content\/uploads\/2016\/05\/Prunoy-Place-saint-Laurent.jpg\"><img aria-describedby=\"caption-attachment-217\" decoding=\"async\" loading=\"lazy\" class=\"wp-image-217 size-full\" src=\"http:\/\/www.clic-chanteraine.com\/wp-content\/uploads\/2016\/05\/Prunoy-Place-saint-Laurent.jpg\" alt=\"\" width=\"1625\" height=\"834\" srcset=\"http:\/\/www.clic-chanteraine.com\/wordpress\/wp-content\/uploads\/2016\/05\/Prunoy-Place-saint-Laurent.jpg 1625w, http:\/\/www.clic-chanteraine.com\/wordpress\/wp-content\/uploads\/2016\/05\/Prunoy-Place-saint-Laurent-300x154.jpg 300w, http:\/\/www.clic-chanteraine.com\/wordpress\/wp-content\/uploads\/2016\/05\/Prunoy-Place-saint-Laurent-1024x526.jpg 1024w\" sizes=\"(max-width: 1625px) 100vw, 1625px\" \/><\/a><p id=\"caption-attachment-217\" class=\"wp-caption-text\">Prunoy Place Saint-Laurent<\/p><\/div>\n<p style=\"text-align: justify;\">Prunoy est une tr\u00e8s ancienne <a title=\"Commune (France)\" href=\"https:\/\/fr.wikipedia.org\/wiki\/Commune_(France)\">commune fran\u00e7aise<\/a>, devenue, le <time class=\"nowrap\" datetime=\"2016-01-01\"><abbr class=\"abbr\" title=\"premier\">1<sup><span style=\"font-size: small;\">er<\/span><\/sup><\/abbr> janvier 2016<\/time>, une <a class=\"mw-redirect\" title=\"Commune d\u00e9l\u00e9gu\u00e9e\" href=\"https:\/\/fr.wikipedia.org\/wiki\/Commune_d%C3%A9l%C3%A9gu%C3%A9e\">commune d\u00e9l\u00e9gu\u00e9e<\/a> de la <a title=\"Commune nouvelle\" href=\"https:\/\/fr.wikipedia.org\/wiki\/Commune_nouvelle\">commune nouvelle<\/a> de <a title=\"Charny-Or\u00e9e-de-Puisaye\" href=\"https:\/\/fr.wikipedia.org\/wiki\/Charny-Or%C3%A9e-de-Puisaye\">Charny-Or\u00e9e-de-Puisaye<\/a>. Ses origines remontent probablement au moyen-\u00e2ge. On en retrouve la trace, sous de nom de commune de Prenoy, aux environs de 1207 alors qu&#8217;elle est gouvern\u00e9e par le sire Augalone.<\/p>\n<ul>\n<li style=\"text-align: justify;\"><strong>Le Ch\u00e2teau<\/strong><\/li>\n<\/ul>\n<div style=\"text-align: justify;\"><span style=\"color: #000000;\"><img decoding=\"async\" loading=\"lazy\" class=\" wp-image-588 alignleft\" src=\"http:\/\/www.clic-chanteraine.com\/wp-content\/uploads\/2016\/05\/chateau_prunoy-300x178.jpg\" alt=\"chateau_prunoy\" width=\"429\" height=\"254\" srcset=\"http:\/\/www.clic-chanteraine.com\/wordpress\/wp-content\/uploads\/2016\/05\/chateau_prunoy-300x178.jpg 300w, http:\/\/www.clic-chanteraine.com\/wordpress\/wp-content\/uploads\/2016\/05\/chateau_prunoy.jpg 780w\" sizes=\"(max-width: 429px) 100vw, 429px\" \/><\/span><\/div>\n<p style=\"text-align: justify;\">La commune de Prunoy comporte un ch\u00e2teau int\u00e9ressant, (originellement appel\u00e9 ch\u00e2teau de Vienne), inscrit \u00e0 l&#8217;Inventaire des Monuments Historiques depuis 1974. L&#8217;histoire de ce ch\u00e2teau, am\u00e9nag\u00e9 en locations de chambres, suites et appartements depuis 1983 par Jos\u00e9e ROUMILHAC, D\u00e9bute \u00e0 la Renaissance. Au d\u00e9but du 16\u00e8me si\u00e8cle, lorsque Guillaume de CREVECOEUR, fils de Philippe de CREVECOEUR qui n\u00e9gocia le fameux trait\u00e9 d&#8217;Arras rattachant la Bourgogne \u00e0 la France, choisit le site de Prunoy pour y b\u00e2tir le ch\u00e2teau de Prunoy au coeur d&#8217;une propri\u00e9t\u00e9 de 3.000 hectares \u00e0 l&#8217;\u00e9poque. Un plan du 18\u00e8me rend compte de l&#8217;\u00e9tendue de ce domaine. En 1721, Fran\u00e7ois Christophe de LALIVE, receveur g\u00e9n\u00e9ral des finances, fait transformer le ch\u00e2teau gothique, ne conservant que la tour dite &#8220;de la biblioth\u00e8que&#8221;, pour y \u00e9riger, \u00e0 la place, un ch\u00e2teau du plus pur 18\u00e8me avec de petites tours carr\u00e9es sur les c\u00f4t\u00e9s. Un aspect et une allure qu&#8217;il conserve encore de nos jours. Apr\u00e8s sa mort, en 1765, le domaine revient \u00e0 Ange Laurent LALIVE de JULLY, brillant diplomate, peintre et graveur qui s&#8217;attache \u00e0 Prunoy, multiplie les plantations et ass\u00e8che les \u00e9tangs environnants \u00e0 l&#8217;exception de deux cr\u00e9\u00e9s artificiellement et qui subsistent \u00e0 l&#8217;heure actuelle. Il s&#8217;\u00e9teint en 1779. Le ch\u00e2teau quant \u00e0 lui n&#8217;est plus ouvert au public que ce soit pour des visites ou des r\u00e9servations de chambres.<\/p>\n<div style=\"text-align: justify;\"><\/div>\n<ul>\n<li style=\"text-align: justify;\"><strong>L&#8217;\u00e9glise<\/strong><\/li>\n<\/ul>\n<p>Le village ne compte plus d&#8217;\u00e9glise, celle qui existait fut d\u00e9molie, en 1929, car v\u00e9tuste et dangereuse pour les paroissiens.<\/p>\n","protected":false},"excerpt":{"rendered":"<p>Prunoy est une tr\u00e8s ancienne commune fran\u00e7aise, devenue, le 1er janvier 2016, une commune d\u00e9l\u00e9gu\u00e9e de la commune nouvelle de Charny-Or\u00e9e-de-Puisaye. Ses origines remontent probablement au moyen-\u00e2ge. On en retrouve la trace, sous de nom de commune de Prenoy, aux environs de 1207 alors qu&#8217;elle <a class=\"more-link\" href=\"http:\/\/www.clic-chanteraine.com\/wordpress\/?page_id=82\">Lire plus &#8230;<\/a><\/p>\n","protected":false},"author":1,"featured_media":0,"parent":0,"menu_order":0,"comment_status":"closed","ping_status":"closed","template":"","meta":{"_bbp_topic_count":0,"_bbp_reply_count":0,"_bbp_total_topic_count":0,"_bbp_total_reply_count":0,"_bbp_voice_count":0,"_bbp_anonymous_reply_count":0,"_bbp_topic_count_hidden":0,"_bbp_reply_count_hidden":0,"_bbp_forum_subforum_count":0},"_links":{"self":[{"href":"http:\/\/www.clic-chanteraine.com\/wordpress\/index.php?rest_route=\/wp\/v2\/pages\/82"}],"collection":[{"href":"http:\/\/www.clic-chanteraine.com\/wordpress\/index.php?rest_route=\/wp\/v2\/pages"}],"about":[{"href":"http:\/\/www.clic-chanteraine.com\/wordpress\/index.php?rest_route=\/wp\/v2\/types\/page"}],"author":[{"embeddable":true,"href":"http:\/\/www.clic-chanteraine.com\/wordpress\/index.php?rest_route=\/wp\/v2\/users\/1"}],"replies":[{"embeddable":true,"href":"http:\/\/www.clic-chanteraine.com\/wordpress\/index.php?rest_route=%2Fwp%2Fv2%2Fcomments&post=82"}],"version-history":[{"count":12,"href":"http:\/\/www.clic-chanteraine.com\/wordpress\/index.php?rest_route=\/wp\/v2\/pages\/82\/revisions"}],"predecessor-version":[{"id":3472,"href":"http:\/\/www.clic-chanteraine.com\/wordpress\/index.php?rest_route=\/wp\/v2\/pages\/82\/revisions\/3472"}],"wp:attachment":[{"href":"http:\/\/www.clic-chanteraine.com\/wordpress\/index.php?rest_route=%2Fwp%2Fv2%2Fmedia&parent=82"}],"curies":[{"name":"wp","href":"https:\/\/api.w.org\/{rel}","templated":true}]}}