{"id":86,"date":"2016-05-18T10:20:13","date_gmt":"2016-05-18T09:20:13","guid":{"rendered":"http:\/\/www.clic-chanteraine.com\/?page_id=86"},"modified":"2020-12-16T22:27:38","modified_gmt":"2020-12-16T21:27:38","slug":"les-equipements-reseau","status":"publish","type":"page","link":"http:\/\/www.clic-chanteraine.com\/wordpress\/?page_id=86","title":{"rendered":"Les \u00e9quipements r\u00e9seau"},"content":{"rendered":"<div id=\"attachment_903\" style=\"width: 576px\" class=\"wp-caption alignleft\"><a href=\"http:\/\/www.clic-chanteraine.com\/wordpress\/wp-content\/uploads\/2016\/05\/reseau-informatique-optique.jpg\"><img aria-describedby=\"caption-attachment-903\" decoding=\"async\" loading=\"lazy\" class=\"wp-image-903 size-full\" src=\"http:\/\/www.clic-chanteraine.com\/wordpress\/wp-content\/uploads\/2016\/05\/reseau-informatique-optique.jpg\" alt=\"reseau-informatique-optique\" width=\"566\" height=\"291\" srcset=\"http:\/\/www.clic-chanteraine.com\/wordpress\/wp-content\/uploads\/2016\/05\/reseau-informatique-optique.jpg 566w, http:\/\/www.clic-chanteraine.com\/wordpress\/wp-content\/uploads\/2016\/05\/reseau-informatique-optique-300x154.jpg 300w\" sizes=\"(max-width: 566px) 100vw, 566px\" \/><\/a><p id=\"caption-attachment-903\" class=\"wp-caption-text\">Nous esp\u00e9rons, comme ici, pouvoir bient\u00f4t b\u00e9n\u00e9ficier de la fibre optique.<\/p><\/div>\n<h3><span style=\"color: #008000;\">Un r\u00e9seau ethernet<\/span><\/h3>\n<p>Le r\u00e9seau Ethernet de la salle informatique de Villefranche-Saint-Phal a \u00e9t\u00e9 cr\u00e9\u00e9 lors de la construction de la salle. L&#8217;ensemble de ses \u00e9l\u00e9ments principaux sont regroup\u00e9s dans une baie informatique \u00e0 la fa\u00e7ade vitr\u00e9e qui h\u00e9berge:<\/p>\n<ul>\n<li><a href=\"http:\/\/www.clic-chanteraine.com\/?page_id=90\">Une LiveBox Pro d&#8217;Orange<\/a><\/li>\n<li><a href=\"http:\/\/www.clic-chanteraine.com\/?page_id=94\">Un routeur Netgear N7000<\/a><\/li>\n<li><a href=\"http:\/\/www.clic-chanteraine.com\/?page_id=92\">Un switch 48 ports gb<\/a><\/li>\n<li><a href=\"http:\/\/www.clic-chanteraine.com\/?page_id=96\">Un disque NAS Synology DS213j<\/a><\/li>\n<li>Un disque dur r\u00e9seau 3 To<\/li>\n<li><a href=\"http:\/\/www.clic-chanteraine.com\/?page_id=908\">Une cam\u00e9ra de Vid\u00e9osurveillance TredNet<\/a><\/li>\n<\/ul>\n<p>L&#8217;ensemble de ces \u00e9l\u00e9ments sont connect\u00e9s par des c\u00e2bles Ethernet de cat\u00e9gorie 5. La salle est desservie par des prises Ethernet pour chaque poste de travail et pour l&#8217;imprimante r\u00e9seau.<\/p>\n<h3><span style=\"color: #008000;\">Un double r\u00e9seau WiFi<\/span><\/h3>\n<ul>\n<li>Un r\u00e9seau Wifi diffus\u00e9 par la <a href=\"http:\/\/www.clic-chanteraine.com\/?page_id=90\">LiveBox<\/a> et r\u00e9serv\u00e9 aux connections externes au r\u00e9seau local.<\/li>\n<li>Un r\u00e9seau Wifi diffus\u00e9 par le <a href=\"http:\/\/www.clic-chanteraine.com\/?page_id=94\">routeur Netgear<\/a> et r\u00e9serv\u00e9 aux connections internes au r\u00e9seau local et \u00e0 l&#8217;acc\u00e8s internet.<\/li>\n<\/ul>\n","protected":false},"excerpt":{"rendered":"<p>Un r\u00e9seau ethernet Le r\u00e9seau Ethernet de la salle informatique de Villefranche-Saint-Phal a \u00e9t\u00e9 cr\u00e9\u00e9 lors de la construction de la salle. L&#8217;ensemble de ses \u00e9l\u00e9ments principaux sont regroup\u00e9s dans une baie informatique \u00e0 la fa\u00e7ade vitr\u00e9e qui h\u00e9berge: Une LiveBox Pro d&#8217;Orange Un routeur <a class=\"more-link\" href=\"http:\/\/www.clic-chanteraine.com\/wordpress\/?page_id=86\">Lire plus &#8230;<\/a><\/p>\n","protected":false},"author":1,"featured_media":0,"parent":0,"menu_order":0,"comment_status":"closed","ping_status":"closed","template":"","meta":{"_bbp_topic_count":0,"_bbp_reply_count":0,"_bbp_total_topic_count":0,"_bbp_total_reply_count":0,"_bbp_voice_count":0,"_bbp_anonymous_reply_count":0,"_bbp_topic_count_hidden":0,"_bbp_reply_count_hidden":0,"_bbp_forum_subforum_count":0},"_links":{"self":[{"href":"http:\/\/www.clic-chanteraine.com\/wordpress\/index.php?rest_route=\/wp\/v2\/pages\/86"}],"collection":[{"href":"http:\/\/www.clic-chanteraine.com\/wordpress\/index.php?rest_route=\/wp\/v2\/pages"}],"about":[{"href":"http:\/\/www.clic-chanteraine.com\/wordpress\/index.php?rest_route=\/wp\/v2\/types\/page"}],"author":[{"embeddable":true,"href":"http:\/\/www.clic-chanteraine.com\/wordpress\/index.php?rest_route=\/wp\/v2\/users\/1"}],"replies":[{"embeddable":true,"href":"http:\/\/www.clic-chanteraine.com\/wordpress\/index.php?rest_route=%2Fwp%2Fv2%2Fcomments&post=86"}],"version-history":[{"count":7,"href":"http:\/\/www.clic-chanteraine.com\/wordpress\/index.php?rest_route=\/wp\/v2\/pages\/86\/revisions"}],"predecessor-version":[{"id":3477,"href":"http:\/\/www.clic-chanteraine.com\/wordpress\/index.php?rest_route=\/wp\/v2\/pages\/86\/revisions\/3477"}],"wp:attachment":[{"href":"http:\/\/www.clic-chanteraine.com\/wordpress\/index.php?rest_route=%2Fwp%2Fv2%2Fmedia&parent=86"}],"curies":[{"name":"wp","href":"https:\/\/api.w.org\/{rel}","templated":true}]}}