{"id":88,"date":"2016-05-18T10:20:29","date_gmt":"2016-05-18T09:20:29","guid":{"rendered":"http:\/\/www.clic-chanteraine.com\/?page_id=88"},"modified":"2020-12-14T22:50:39","modified_gmt":"2020-12-14T21:50:39","slug":"la-cablage","status":"publish","type":"page","link":"http:\/\/www.clic-chanteraine.com\/wordpress\/?page_id=88","title":{"rendered":"Le c\u00e2blage"},"content":{"rendered":"<h3 style=\"text-align: justify;\"><img decoding=\"async\" loading=\"lazy\" class=\"alignleft wp-image-930 size-medium\" src=\"http:\/\/www.clic-chanteraine.com\/wordpress\/wp-content\/uploads\/2016\/05\/cablage-informatiique-300x240.jpg\" alt=\"cablage informatiique\" width=\"300\" height=\"240\" srcset=\"http:\/\/www.clic-chanteraine.com\/wordpress\/wp-content\/uploads\/2016\/05\/cablage-informatiique-300x240.jpg 300w, http:\/\/www.clic-chanteraine.com\/wordpress\/wp-content\/uploads\/2016\/05\/cablage-informatiique.jpg 400w\" sizes=\"(max-width: 300px) 100vw, 300px\" \/><span style=\"color: #008000;\">Un c\u00e2blage Ethernet de cat\u00e9gorie 5<\/span><\/h3>\n<p style=\"text-align: justify;\">Le r\u00e9seau informatique de la salle de Villefranche-Saint-Phal a \u00e9t\u00e9 c\u00e2bl\u00e9 lors de sa construction en 2011. Il s&#8217;agit d&#8217;un c\u00e2blage du type Ethernet avec du c\u00e2ble de cat\u00e9gorie 5. Cette cat\u00e9gorie de c\u00e2ble supporte donc toutes les connexions Ethernet jusqu&#8217;\u00e0 une vitesse de 1000 Mb\/s.<\/p>\n<p style=\"text-align: justify;\">Chaque poste de travail dispose d&#8217;une prise murale. Ainsi donc l&#8217;on trouve, au pied de chaque bureau, deux prises murales. Ces prises sont \u00e9galement aux normes de cat\u00e9gorie 5 et sont munies d&#8217;un clapet de fermeture\/ouverture.<\/p>\n<p style=\"text-align: justify;\">L&#8217;ensemble des lignes, qui ont \u00e9t\u00e9 encastr\u00e9es, aboutissent \u00e0 un module de brassage dans la baie r\u00e9seau. De l\u00e0 elles sont brass\u00e9es vers le switch de 48 ports. Actuellement 24 lignes arrivent au module de brassage et 22 prises sont brass\u00e9es vers le switch. S&#8217;ajoutent sur le switch les connexions de la LiveBox, du NAS de CliC et de la cam\u00e9ra de vid\u00e9osurveillance.<\/p>\n","protected":false},"excerpt":{"rendered":"<p>Un c\u00e2blage Ethernet de cat\u00e9gorie 5 Le r\u00e9seau informatique de la salle de Villefranche-Saint-Phal a \u00e9t\u00e9 c\u00e2bl\u00e9 lors de sa construction en 2011. Il s&#8217;agit d&#8217;un c\u00e2blage du type Ethernet avec du c\u00e2ble de cat\u00e9gorie 5. Cette cat\u00e9gorie de c\u00e2ble supporte donc toutes les connexions <a class=\"more-link\" href=\"http:\/\/www.clic-chanteraine.com\/wordpress\/?page_id=88\">Lire plus &#8230;<\/a><\/p>\n","protected":false},"author":1,"featured_media":0,"parent":0,"menu_order":0,"comment_status":"closed","ping_status":"closed","template":"","meta":{"_bbp_topic_count":0,"_bbp_reply_count":0,"_bbp_total_topic_count":0,"_bbp_total_reply_count":0,"_bbp_voice_count":0,"_bbp_anonymous_reply_count":0,"_bbp_topic_count_hidden":0,"_bbp_reply_count_hidden":0,"_bbp_forum_subforum_count":0},"_links":{"self":[{"href":"http:\/\/www.clic-chanteraine.com\/wordpress\/index.php?rest_route=\/wp\/v2\/pages\/88"}],"collection":[{"href":"http:\/\/www.clic-chanteraine.com\/wordpress\/index.php?rest_route=\/wp\/v2\/pages"}],"about":[{"href":"http:\/\/www.clic-chanteraine.com\/wordpress\/index.php?rest_route=\/wp\/v2\/types\/page"}],"author":[{"embeddable":true,"href":"http:\/\/www.clic-chanteraine.com\/wordpress\/index.php?rest_route=\/wp\/v2\/users\/1"}],"replies":[{"embeddable":true,"href":"http:\/\/www.clic-chanteraine.com\/wordpress\/index.php?rest_route=%2Fwp%2Fv2%2Fcomments&post=88"}],"version-history":[{"count":13,"href":"http:\/\/www.clic-chanteraine.com\/wordpress\/index.php?rest_route=\/wp\/v2\/pages\/88\/revisions"}],"predecessor-version":[{"id":3437,"href":"http:\/\/www.clic-chanteraine.com\/wordpress\/index.php?rest_route=\/wp\/v2\/pages\/88\/revisions\/3437"}],"wp:attachment":[{"href":"http:\/\/www.clic-chanteraine.com\/wordpress\/index.php?rest_route=%2Fwp%2Fv2%2Fmedia&parent=88"}],"curies":[{"name":"wp","href":"https:\/\/api.w.org\/{rel}","templated":true}]}}