{"id":908,"date":"2016-05-31T13:42:18","date_gmt":"2016-05-31T12:42:18","guid":{"rendered":"http:\/\/www.clic-chanteraine.com\/?page_id=908"},"modified":"2020-12-14T22:48:02","modified_gmt":"2020-12-14T21:48:02","slug":"la-camera-de-videosurveillance","status":"publish","type":"page","link":"http:\/\/www.clic-chanteraine.com\/wordpress\/?page_id=908","title":{"rendered":"La cam\u00e9ra de vid\u00e9osurveillance"},"content":{"rendered":"<p><img decoding=\"async\" loading=\"lazy\" class=\"alignleft wp-image-909 size-full\" src=\"http:\/\/www.clic-chanteraine.com\/wordpress\/wp-content\/uploads\/2016\/05\/trendnet.png\" alt=\"trendnet\" width=\"350\" height=\"350\" srcset=\"http:\/\/www.clic-chanteraine.com\/wordpress\/wp-content\/uploads\/2016\/05\/trendnet.png 350w, http:\/\/www.clic-chanteraine.com\/wordpress\/wp-content\/uploads\/2016\/05\/trendnet-150x150.png 150w, http:\/\/www.clic-chanteraine.com\/wordpress\/wp-content\/uploads\/2016\/05\/trendnet-300x300.png 300w, http:\/\/www.clic-chanteraine.com\/wordpress\/wp-content\/uploads\/2016\/05\/trendnet-200x200.png 200w\" sizes=\"(max-width: 350px) 100vw, 350px\" \/><\/p>\n<h3><span style=\"color: #008000;\">La cam\u00e9ra de vid\u00e9osurveillance TrendNet<\/span><\/h3>\n<p>Au cours de l&#8217;ann\u00e9e 2015, une cam\u00e9ra de vid\u00e9osurveillance a \u00e9t\u00e9 acquise avec le double objectif de filmer les r\u00e9unions et d&#8217;assurer la surveillance du local. Conform\u00e9ment aux dispositions r\u00e9glementaires, une affiche indiquant la vid\u00e9oprotection a \u00e9t\u00e9 appos\u00e9e sur la porte d&#8217;entr\u00e9e du local et l&#8217;ensemble du personnel de service, appel\u00e9 \u00e0 intervenir dans les locaux, ont \u00e9t\u00e9 inform\u00e9s de la pr\u00e9sence de ces moyens de protection.<\/p>\n<p>Cette cam\u00e9ra b\u00e9n\u00e9ficie des technologies avanc\u00e9es:<\/p>\n<ul>\n<li>Enregistrement nocturne infrarouge<\/li>\n<li>Rotation 360\u00b0<\/li>\n<li>Connexion WiFi<\/li>\n<li>Alerte intrusion email et portable<\/li>\n<li>Enregistrement \u00e0 distance r\u00e9seau ou Cloud &#8230;<\/li>\n<\/ul>\n<p>Depuis le d\u00e9but de son utilisation, cette cam\u00e9ra donne enti\u00e8re satisfaction. Seul petit b\u00e9mol, son logiciel d&#8217;exploitation par le web n\u00e9cessite des plugins Java non accept\u00e9s par certains navigateurs tels que Chrome ou Edge.<\/p>\n","protected":false},"excerpt":{"rendered":"<p>La cam\u00e9ra de vid\u00e9osurveillance TrendNet Au cours de l&#8217;ann\u00e9e 2015, une cam\u00e9ra de vid\u00e9osurveillance a \u00e9t\u00e9 acquise avec le double objectif de filmer les r\u00e9unions et d&#8217;assurer la surveillance du local. Conform\u00e9ment aux dispositions r\u00e9glementaires, une affiche indiquant la vid\u00e9oprotection a \u00e9t\u00e9 appos\u00e9e sur la <a class=\"more-link\" href=\"http:\/\/www.clic-chanteraine.com\/wordpress\/?page_id=908\">Lire plus &#8230;<\/a><\/p>\n","protected":false},"author":1,"featured_media":0,"parent":0,"menu_order":0,"comment_status":"closed","ping_status":"closed","template":"","meta":{"_bbp_topic_count":0,"_bbp_reply_count":0,"_bbp_total_topic_count":0,"_bbp_total_reply_count":0,"_bbp_voice_count":0,"_bbp_anonymous_reply_count":0,"_bbp_topic_count_hidden":0,"_bbp_reply_count_hidden":0,"_bbp_forum_subforum_count":0},"_links":{"self":[{"href":"http:\/\/www.clic-chanteraine.com\/wordpress\/index.php?rest_route=\/wp\/v2\/pages\/908"}],"collection":[{"href":"http:\/\/www.clic-chanteraine.com\/wordpress\/index.php?rest_route=\/wp\/v2\/pages"}],"about":[{"href":"http:\/\/www.clic-chanteraine.com\/wordpress\/index.php?rest_route=\/wp\/v2\/types\/page"}],"author":[{"embeddable":true,"href":"http:\/\/www.clic-chanteraine.com\/wordpress\/index.php?rest_route=\/wp\/v2\/users\/1"}],"replies":[{"embeddable":true,"href":"http:\/\/www.clic-chanteraine.com\/wordpress\/index.php?rest_route=%2Fwp%2Fv2%2Fcomments&post=908"}],"version-history":[{"count":4,"href":"http:\/\/www.clic-chanteraine.com\/wordpress\/index.php?rest_route=\/wp\/v2\/pages\/908\/revisions"}],"predecessor-version":[{"id":3436,"href":"http:\/\/www.clic-chanteraine.com\/wordpress\/index.php?rest_route=\/wp\/v2\/pages\/908\/revisions\/3436"}],"wp:attachment":[{"href":"http:\/\/www.clic-chanteraine.com\/wordpress\/index.php?rest_route=%2Fwp%2Fv2%2Fmedia&parent=908"}],"curies":[{"name":"wp","href":"https:\/\/api.w.org\/{rel}","templated":true}]}}