{"id":914,"date":"2016-05-31T15:55:20","date_gmt":"2016-05-31T14:55:20","guid":{"rendered":"http:\/\/www.clic-chanteraine.com\/?page_id=914"},"modified":"2020-12-16T21:29:38","modified_gmt":"2020-12-16T20:29:38","slug":"aide","status":"publish","type":"page","link":"http:\/\/www.clic-chanteraine.com\/wordpress\/?page_id=914","title":{"rendered":"Aide"},"content":{"rendered":"<ul>\n<li><img decoding=\"async\" loading=\"lazy\" class=\"aligncenter wp-image-915 size-full\" src=\"http:\/\/www.clic-chanteraine.com\/wordpress\/wp-content\/uploads\/2016\/05\/aide.png\" alt=\"aide\" width=\"1342\" height=\"750\" srcset=\"http:\/\/www.clic-chanteraine.com\/wordpress\/wp-content\/uploads\/2016\/05\/aide.png 1342w, http:\/\/www.clic-chanteraine.com\/wordpress\/wp-content\/uploads\/2016\/05\/aide-300x168.png 300w, http:\/\/www.clic-chanteraine.com\/wordpress\/wp-content\/uploads\/2016\/05\/aide-768x429.png 768w, http:\/\/www.clic-chanteraine.com\/wordpress\/wp-content\/uploads\/2016\/05\/aide-1024x572.png 1024w, http:\/\/www.clic-chanteraine.com\/wordpress\/wp-content\/uploads\/2016\/05\/aide-350x197.png 350w\" sizes=\"(max-width: 1342px) 100vw, 1342px\" \/><br \/>\n<hr \/>\n<h3><span style=\"color: #008000;\">Aide \u00e0 la navigation dans le site<\/span><\/h3>\n<\/li>\n<li>1 &#8211; Menu t\u00eate de colonne. Cliquez pour obtenir la page g\u00e9n\u00e9rale de la colonne.<\/li>\n<li>2 &#8211; T\u00eate de rubrique ou rubrique &#8211; Cliquez pour obtenir la page de la t\u00eate de rubrique ou rubrique.<\/li>\n<li>3 &#8211; Page &#8211; Cliquez pour obtenir le contenu de la page.<\/li>\n<li>4 &#8211; Nom du site &#8211; Cliquez dessus pour revenir \u00e0 la page d&#8217;accueil.<\/li>\n<li>5 &#8211; Acc\u00e8s aux r\u00e9seaux sociaux &#8211; Facebook &#8211; Twitter &#8211; Envoyez un email \u00e0 CliC<\/li>\n<li>6 &#8211; Instruments de recherche dans le site &#8211; Tapez votre recherche et validez.<\/li>\n<li>7 &#8211; Actualit\u00e9 &#8211; Cliquez pour voir les actualit\u00e9s r\u00e9centes de CliC.<\/li>\n<li>8 &#8211; Menu de navigation dans le site &#8211; Utilisez ce menu pour revenir aux pages pr\u00e9c\u00e9dentes.<\/li>\n<li>9 &#8211; Recherchez les articles plus anciens class\u00e9s par date &#8211; Ouvrez ensuite l&#8217;article.<\/li>\n<li>10 &#8211; Derniers articles publi\u00e9s. Cliquez sur les liens pour les ouvrir.<\/li>\n<li>11 &#8211; Images &#8211; Les images peuvent, soit \u00eatre ouvertes dans leur taille d&#8217;origine, soit ouvrir un lien<\/li>\n<\/ul>\n<p><a href=\"http:\/\/www.clic-chanteraine.com\/?page_id=1084\" target=\"_blank\" rel=\"noopener noreferrer\">afficher le plan du site<\/a><\/p>\n","protected":false},"excerpt":{"rendered":"<p>Aide \u00e0 la navigation dans le site 1 &#8211; Menu t\u00eate de colonne. Cliquez pour obtenir la page g\u00e9n\u00e9rale de la colonne. 2 &#8211; T\u00eate de rubrique ou rubrique &#8211; Cliquez pour obtenir la page de la t\u00eate de rubrique ou rubrique. 3 &#8211; Page <a class=\"more-link\" href=\"http:\/\/www.clic-chanteraine.com\/wordpress\/?page_id=914\">Lire plus &#8230;<\/a><\/p>\n","protected":false},"author":1,"featured_media":0,"parent":0,"menu_order":0,"comment_status":"closed","ping_status":"closed","template":"","meta":{"_bbp_topic_count":0,"_bbp_reply_count":0,"_bbp_total_topic_count":0,"_bbp_total_reply_count":0,"_bbp_voice_count":0,"_bbp_anonymous_reply_count":0,"_bbp_topic_count_hidden":0,"_bbp_reply_count_hidden":0,"_bbp_forum_subforum_count":0},"_links":{"self":[{"href":"http:\/\/www.clic-chanteraine.com\/wordpress\/index.php?rest_route=\/wp\/v2\/pages\/914"}],"collection":[{"href":"http:\/\/www.clic-chanteraine.com\/wordpress\/index.php?rest_route=\/wp\/v2\/pages"}],"about":[{"href":"http:\/\/www.clic-chanteraine.com\/wordpress\/index.php?rest_route=\/wp\/v2\/types\/page"}],"author":[{"embeddable":true,"href":"http:\/\/www.clic-chanteraine.com\/wordpress\/index.php?rest_route=\/wp\/v2\/users\/1"}],"replies":[{"embeddable":true,"href":"http:\/\/www.clic-chanteraine.com\/wordpress\/index.php?rest_route=%2Fwp%2Fv2%2Fcomments&post=914"}],"version-history":[{"count":9,"href":"http:\/\/www.clic-chanteraine.com\/wordpress\/index.php?rest_route=\/wp\/v2\/pages\/914\/revisions"}],"predecessor-version":[{"id":3464,"href":"http:\/\/www.clic-chanteraine.com\/wordpress\/index.php?rest_route=\/wp\/v2\/pages\/914\/revisions\/3464"}],"wp:attachment":[{"href":"http:\/\/www.clic-chanteraine.com\/wordpress\/index.php?rest_route=%2Fwp%2Fv2%2Fmedia&parent=914"}],"curies":[{"name":"wp","href":"https:\/\/api.w.org\/{rel}","templated":true}]}}