{"id":94,"date":"2016-05-18T10:21:23","date_gmt":"2016-05-18T09:21:23","guid":{"rendered":"http:\/\/www.clic-chanteraine.com\/?page_id=94"},"modified":"2020-12-14T22:27:39","modified_gmt":"2020-12-14T21:27:39","slug":"le-routeur-netgear","status":"publish","type":"page","link":"http:\/\/www.clic-chanteraine.com\/wordpress\/?page_id=94","title":{"rendered":"Le routeur Netgear"},"content":{"rendered":"<p><img decoding=\"async\" loading=\"lazy\" class=\"alignleft wp-image-694 size-large\" src=\"http:\/\/www.clic-chanteraine.com\/wordpress\/wp-content\/uploads\/2016\/05\/it_photo_174040-1024x7681-1024x768.jpg\" alt=\"it_photo_174040-1024x768\" width=\"780\" height=\"585\" srcset=\"http:\/\/www.clic-chanteraine.com\/wordpress\/wp-content\/uploads\/2016\/05\/it_photo_174040-1024x7681.jpg 1024w, http:\/\/www.clic-chanteraine.com\/wordpress\/wp-content\/uploads\/2016\/05\/it_photo_174040-1024x7681-300x225.jpg 300w\" sizes=\"(max-width: 780px) 100vw, 780px\" \/><\/p>\n<h3><span style=\"color: #339966;\">NETGEAR N600<\/span><\/h3>\n<p style=\"text-align: justify;\">Devant les insuffisances techniques de la LiveBox Pro v2, au cours de l&#8217;une de ses r\u00e9unions, le bureau de CliC a d\u00e9cid\u00e9 l&#8217;acquisition et la mise en place d&#8217;un routeur permettant notamment d&#8217;am\u00e9liorer le WiFi dans la salle et la gestion des adresse IP par DHCP. Le routeur qui a \u00e9t\u00e9 choisi est un routeur grand public moyenne gamme: le mod\u00e8le\u00a0N600 de chez Netgear. Il a cout\u00e9 environ 150\u20ac.<\/p>\n<p style=\"text-align: justify;\"><strong><span style=\"color: #008000;\">Voici ses principales caract\u00e9ristiques :<\/span><\/strong><\/p>\n<p style=\"text-align: justify;\">\u2022 Le Wireless-N dual-band simultan\u00e9 double la bande passante avec de meilleures connexions et moins d&#8217;interf\u00e9rences \u2022 Connexions filaires Gigabit Ethernet ultra-rapides. Ainsi ont disparues nos difficult\u00e9s et lenteurs de connexion au r\u00e9seau WiFi. Un SSID et un code d&#8217;acc\u00e8s simples\u00a0ont \u00e9t\u00e9 mis en place.<br \/>\n\u2022 Le ReadyShare\u2122, permet un acc\u00e8s simple et rapide aux p\u00e9riph\u00e9riques de stockage externe USB<br \/>\n\u2022 La connexion automatique est ais\u00e9e et s\u00e9curis\u00e9e avec le bouton Push \u2018N&#8217; Connect.<\/p>\n<p style=\"text-align: justify;\">Le Netgear N600 cr\u00e9\u00e9 un r\u00e9seau \u00e9cologiquement responsable:<\/p>\n<p style=\"text-align: justify;\">\u2022 L&#8217;interrupteur marche\/arr\u00eat, pratique, permet \u00e9galement d&#8217;\u00e9conomiser l&#8217;\u00e9nergie en dehors des p\u00e9riodes d&#8217;utilisation<br \/>\n\u2022 Alimentation efficace, b\u00e9n\u00e9ficiant du label Energy Star<br \/>\n\u2022 Gr\u00e2ce aux trois profils d&#8217;alimentation et de port\u00e9e, la consommation d&#8217;\u00e9nergie peut baisser jusqu&#8217;\u00e0 75% en fonction du niveau de puissance choisi<br \/>\n\u2022 Le switch gigabit &#8220;vert&#8221; \u00e0 d\u00e9tection automatique adapte automatiquement le niveau de puissance requis<br \/>\n\u2022 Emballage produit avec un minimum de 80% de mat\u00e9riaux recycl\u00e9s<\/p>\n<p style=\"text-align: justify;\"><strong><span style=\"color: #008000;\">La technique approfondie:<\/span><\/strong><\/p>\n<p style=\"text-align: justify;\">\u2022 Assistant d&#8217;installation SmartWizard sur CD :\u00a0Il permet de gagner\u00a0du temps sur l&#8217;installation du routeur et le param\u00e9trage\u00a0du r\u00e9seau pour travailler et profiter plus vite du jeu en ligne et de la navigation internet<br \/>\n\u2022 La puissance du processeur 680 MHz : un acc\u00e8s haut d\u00e9bit dual-band en wireless, la vitesse du gigabit en filaire, la rapidit\u00e9 d&#8217;acc\u00e8s pour le stockage USB, m\u00eame lorsque plusieurs appareils utilisent simultan\u00e9ment plusieurs applications<br \/>\n\u2022 Fonction QoS (Qualit\u00e9 de Service) automatique : affecte des priorit\u00e9s diff\u00e9renci\u00e9es pour le trafic voix, vid\u00e9o et jeux en ligne<br \/>\n\u2022 Un niveau de s\u00e9curit\u00e9 Wi-Fi exceptionnel : le cryptage des donn\u00e9es par WPA et WPA2 garantit un maximum de s\u00e9curit\u00e9<br \/>\n\u2022 Support SSID multiple : param\u00e9trez un second r\u00e9seau pour les invit\u00e9s soumis \u00e0 des restrictions d&#8217;acc\u00e8s, ou un r\u00e9seau d\u00e9di\u00e9 au jeu et \u00e0 la vid\u00e9o<br \/>\n\u2022 Compteur de trafic : la mesure du trafic entrant et sortant est pr\u00e9cise, avec des relev\u00e9s quotidiens, hebdomadaires et mensuels, assortis de notifications personnalis\u00e9es<br \/>\n\u2022 D\u00e9bit \u00e9lev\u00e9 en WAN-vers-LAN avec plus de 500 Mbit\/s<br \/>\n\u2022 R\u00e9seau vid\u00e9o d\u00e9di\u00e9 sur la fr\u00e9quence 5 GHz, pour le streaming de vid\u00e9o HD<br \/>\n\u2022 Prise en charge de nombreux formats de fichiers et acc\u00e8s rapide aux p\u00e9riph\u00e9riques USB externes.<\/p>\n<p style=\"text-align: justify;\"><span style=\"color: #008000;\"><strong>En conclusion:<\/strong><\/span><\/p>\n<p style=\"text-align: justify;\">En bref un excellent appareil qui nous donne, depuis son installation, la plus parfaite satisfaction.<\/p>\n<table border=\"0\" cellspacing=\"0\" cellpadding=\"0\"><!-- ligne du template --><\/table>\n","protected":false},"excerpt":{"rendered":"<p>NETGEAR N600 Devant les insuffisances techniques de la LiveBox Pro v2, au cours de l&#8217;une de ses r\u00e9unions, le bureau de CliC a d\u00e9cid\u00e9 l&#8217;acquisition et la mise en place d&#8217;un routeur permettant notamment d&#8217;am\u00e9liorer le WiFi dans la salle et la gestion des adresse <a class=\"more-link\" href=\"http:\/\/www.clic-chanteraine.com\/wordpress\/?page_id=94\">Lire plus &#8230;<\/a><\/p>\n","protected":false},"author":1,"featured_media":0,"parent":0,"menu_order":0,"comment_status":"closed","ping_status":"closed","template":"","meta":{"_bbp_topic_count":0,"_bbp_reply_count":0,"_bbp_total_topic_count":0,"_bbp_total_reply_count":0,"_bbp_voice_count":0,"_bbp_anonymous_reply_count":0,"_bbp_topic_count_hidden":0,"_bbp_reply_count_hidden":0,"_bbp_forum_subforum_count":0},"_links":{"self":[{"href":"http:\/\/www.clic-chanteraine.com\/wordpress\/index.php?rest_route=\/wp\/v2\/pages\/94"}],"collection":[{"href":"http:\/\/www.clic-chanteraine.com\/wordpress\/index.php?rest_route=\/wp\/v2\/pages"}],"about":[{"href":"http:\/\/www.clic-chanteraine.com\/wordpress\/index.php?rest_route=\/wp\/v2\/types\/page"}],"author":[{"embeddable":true,"href":"http:\/\/www.clic-chanteraine.com\/wordpress\/index.php?rest_route=\/wp\/v2\/users\/1"}],"replies":[{"embeddable":true,"href":"http:\/\/www.clic-chanteraine.com\/wordpress\/index.php?rest_route=%2Fwp%2Fv2%2Fcomments&post=94"}],"version-history":[{"count":9,"href":"http:\/\/www.clic-chanteraine.com\/wordpress\/index.php?rest_route=\/wp\/v2\/pages\/94\/revisions"}],"predecessor-version":[{"id":3431,"href":"http:\/\/www.clic-chanteraine.com\/wordpress\/index.php?rest_route=\/wp\/v2\/pages\/94\/revisions\/3431"}],"wp:attachment":[{"href":"http:\/\/www.clic-chanteraine.com\/wordpress\/index.php?rest_route=%2Fwp%2Fv2%2Fmedia&parent=94"}],"curies":[{"name":"wp","href":"https:\/\/api.w.org\/{rel}","templated":true}]}}