{"id":96,"date":"2016-05-18T10:21:49","date_gmt":"2016-05-18T09:21:49","guid":{"rendered":"http:\/\/www.clic-chanteraine.com\/?page_id=96"},"modified":"2020-12-14T22:41:59","modified_gmt":"2020-12-14T21:41:59","slug":"le-nas-synology","status":"publish","type":"page","link":"http:\/\/www.clic-chanteraine.com\/wordpress\/?page_id=96","title":{"rendered":"Le NAS Synology"},"content":{"rendered":"<h3><a href=\"http:\/\/www.clic-chanteraine.com\/wp-content\/uploads\/2016\/05\/synology-boitier-serveur-nas-2-baies-eco-ds213j.png\"><span style=\"color: #000000;\">Le NAS Synology DS213j (1)<\/span><\/a><img decoding=\"async\" loading=\"lazy\" class=\"alignleft wp-image-700 size-medium\" src=\"http:\/\/www.clic-chanteraine.com\/wordpress\/wp-content\/uploads\/2016\/05\/synology-boitier-serveur-nas-2-baies-eco-ds213j-300x300.png\" alt=\"synology-boitier-serveur-nas-2-baies-eco-ds213j\" width=\"300\" height=\"300\" srcset=\"http:\/\/www.clic-chanteraine.com\/wordpress\/wp-content\/uploads\/2016\/05\/synology-boitier-serveur-nas-2-baies-eco-ds213j-300x300.png 300w, http:\/\/www.clic-chanteraine.com\/wordpress\/wp-content\/uploads\/2016\/05\/synology-boitier-serveur-nas-2-baies-eco-ds213j-150x150.png 150w, http:\/\/www.clic-chanteraine.com\/wordpress\/wp-content\/uploads\/2016\/05\/synology-boitier-serveur-nas-2-baies-eco-ds213j-200x200.png 200w, http:\/\/www.clic-chanteraine.com\/wordpress\/wp-content\/uploads\/2016\/05\/synology-boitier-serveur-nas-2-baies-eco-ds213j.png 700w\" sizes=\"(max-width: 300px) 100vw, 300px\" \/><\/h3>\n<p style=\"text-align: justify;\">L&#8217;un des achats les plus importants de CliC depuis sa cr\u00e9ation a certainement \u00e9t\u00e9 le serveur NAS Synology. M\u00eame si la d\u00e9pense n&#8217;a pas \u00e9t\u00e9 tr\u00e8s importante (environ 450\u20ac) il a vraiment chang\u00e9 compl\u00e8tement les services que CliC qui apporte \u00e0 ses adh\u00e9rents.<\/p>\n<p style=\"text-align: justify;\">Ses trois fonctions les plus importantes sont sans nul doute:<\/p>\n<p>Le service de serveur de fichiers<br \/>\nLe serveur de mail de l&#8217;association<br \/>\nL&#8217;h\u00e9bergement de notre site Web.<\/p>\n<p style=\"text-align: justify;\">Ce NAS (1), en service depuis trois ans, a jusqu&#8217;\u00e0 ce jour donn\u00e9 la plus enti\u00e8re satisfaction. Bas\u00e9 sur un syst\u00e8me d&#8217;exploitation d\u00e9di\u00e9, le DSM ou Disque Station Manager, son utilisation est tout \u00e0 fait \u00e0 la port\u00e9e du grand public.<\/p>\n<p style=\"text-align: justify;\">Les paquets install\u00e9s (Logiciels) sont tout \u00e0 fait classiques. Nous retiendrons surtout le paquet &#8220;WordPress&#8221; qui nous permet de programmer et diffuser notre site Web. Tous les paquets install\u00e9s sont gratuits.<\/p>\n<div id=\"attachment_690\" style=\"width: 310px\" class=\"wp-caption alignright\"><img aria-describedby=\"caption-attachment-690\" decoding=\"async\" loading=\"lazy\" class=\"wp-image-690 size-medium\" src=\"http:\/\/www.clic-chanteraine.com\/wordpress\/wp-content\/uploads\/2016\/05\/20140423_173513-e1402387191275-1024x767-300x225.jpg\" width=\"300\" height=\"225\" srcset=\"http:\/\/www.clic-chanteraine.com\/wordpress\/wp-content\/uploads\/2016\/05\/20140423_173513-e1402387191275-1024x767-300x225.jpg 300w, http:\/\/www.clic-chanteraine.com\/wordpress\/wp-content\/uploads\/2016\/05\/20140423_173513-e1402387191275-1024x767.jpg 1024w\" sizes=\"(max-width: 300px) 100vw, 300px\" \/><p id=\"caption-attachment-690\" class=\"wp-caption-text\">Le NAS ouvert avec vue sur les deux disques durs et la ventilation.<\/p><\/div>\n<p style=\"text-align: justify;\">Le NAS (1) est dot\u00e9 de deux disques durs d&#8217;un t\u00e9raoctet, taille de disque habituelle en 2013. Nous avons fait le choix de ne pas mettre les deux disques en Raid 5, mais plut\u00f4t de r\u00e9server un disque pour\u00a0l&#8217;exploitation et l&#8217;autre pour des sauvegardes traditionnelles.<\/p>\n<p style=\"text-align: justify;\">Il a \u00e9t\u00e9 d\u00e9cid\u00e9 par le bureau de CliC de remplacer ce mat\u00e9riel par un mat\u00e9riel encore plus performant. La limitation actuelle de ce NAS (1) est le nombre d&#8217;emplacements de disques durs installables: 2. Sa taille de m\u00e9moire vive et la vitesse de son processeur sont \u00e9galement limit\u00e9s.<\/p>\n<p style=\"text-align: justify;\">Le prochain NAS (1)aura la possibilit\u00e9 de mettre 4 disques durs d&#8217;une capacit\u00e9 de 3 To chacun. Ainsi donc, dans cette configuration, nous pourrons activer le RAID tout en conservant deux groupes de disques. Le NAS sera \u00e9quip\u00e9 d&#8217;un Go de m\u00e9moire vive SDRAM3 et d&#8217;un processeur double c\u0153ur.<\/p>\n<h3 style=\"text-align: justify;\"><span style=\"color: #339966;\">23 Juillet 2016 &#8211; Un nouveau serveur web pour CliC<\/span><\/h3>\n<p>Depuis le 23 juillet 2016, notre site internet <a href=\"http:\/\/www.clic-chanteraine.com\">http:\/\/www.clic-chanteraine.com<\/a> est d\u00e9sormais h\u00e9berg\u00e9 sur son nouveau serveur NAS (1): notre Synology RS815.<\/p>\n<p><img decoding=\"async\" loading=\"lazy\" class=\"alignleft wp-image-1218 size-medium\" src=\"http:\/\/www.clic-chanteraine.com\/wordpress\/wp-content\/uploads\/2016\/06\/RS815-300x136.jpg\" alt=\"RS815\" width=\"300\" height=\"136\" srcset=\"http:\/\/www.clic-chanteraine.com\/wordpress\/wp-content\/uploads\/2016\/06\/RS815-300x136.jpg 300w, http:\/\/www.clic-chanteraine.com\/wordpress\/wp-content\/uploads\/2016\/06\/RS815-768x347.jpg 768w, http:\/\/www.clic-chanteraine.com\/wordpress\/wp-content\/uploads\/2016\/06\/RS815.jpg 850w\" sizes=\"(max-width: 300px) 100vw, 300px\" \/>Ce transfert permet une meilleure s\u00e9curit\u00e9 de notre installation puisque 3 disques durs ont \u00e9t\u00e9 mont\u00e9s en RAID selon le syst\u00e8me propos\u00e9 par le DSM (Disque system Manager (2)) de Synology.<\/p>\n<p>Le quatri\u00e8me disque est r\u00e9serv\u00e9 au partage de fichiers et aux sauvegardes p\u00e9riodiques du site.<\/p>\n<p>La seconde mouture du site a vu son interface profond\u00e9ment remani\u00e9e. D\u00e9sormais un deuxi\u00e8me menu, affich\u00e9 en blanc sous le menu principal, permet aux membres enregistr\u00e9s d&#8217;acc\u00e9der au contenu r\u00e9serv\u00e9. Une inscription est n\u00e9cessaire. Si vous \u00eates adh\u00e9rent de CliC, vous aurez acc\u00e8s \u00e0 l&#8217;int\u00e9gralit\u00e9 du contenu. Si vous \u00eates un simple visiteur ext\u00e9rieur enregistr\u00e9, vous aurez acc\u00e8s \u00e0 une partie du contenu, par exemple aux fiches techniques ou \u00e0 l&#8217;historique des r\u00e9unions.<\/p>\n<p>Dans un proche avenir, le disque NAS (1) Synology RS815 vous permettra, pendant les s\u00e9ances, de partager des contenus.<\/p>\n<p>L&#8217;ancien disque NAS (1) DS213j sera utilis\u00e9 pour une r\u00e9plique \u00e0 l&#8217;identique du site web de CliC, uniquement accessible sur le r\u00e9seau local, destin\u00e9e \u00e0 la formation des adh\u00e9rents qui souhaiteront faire partie de l&#8217;\u00e9quipe de r\u00e9daction. D\u00e9but septembre nous organiserons ces formations. Inscrivez-vous d\u00e8s \u00e0 pr\u00e9sent aupr\u00e8s des animateurs.<\/p>\n<p>Merci \u00e0 Jean MARCHAND qui a particip\u00e9 \u00e0 l&#8217;installation et \u00e0 la mise en service du nouveau serveur NAS (1).<\/p>\n<p>Des coupures sont encore \u00e0 pr\u00e9voir pour la mise au point de certaines fonctionnalit\u00e9s. Merci pour votre patience et votre indulgence.<\/p>\n<p>Merci \u00e0 tous ceux qui voudrons bien nous faire part de leurs observations, critiques ou encouragements.<\/p>\n<hr \/>\n<p>(1) NAS : Network Array Storage soit en fran\u00e7ais : Zone de stockage sur le r\u00e9seau<\/p>\n<p>(2) DSM Disk System Manager : soit en fran\u00e7ais : Syst\u00e8me de gestion de disque<\/p>\n","protected":false},"excerpt":{"rendered":"<p>Le NAS Synology DS213j (1) L&#8217;un des achats les plus importants de CliC depuis sa cr\u00e9ation a certainement \u00e9t\u00e9 le serveur NAS Synology. M\u00eame si la d\u00e9pense n&#8217;a pas \u00e9t\u00e9 tr\u00e8s importante (environ 450\u20ac) il a vraiment chang\u00e9 compl\u00e8tement les services que CliC qui apporte <a class=\"more-link\" href=\"http:\/\/www.clic-chanteraine.com\/wordpress\/?page_id=96\">Lire plus &#8230;<\/a><\/p>\n","protected":false},"author":1,"featured_media":0,"parent":0,"menu_order":0,"comment_status":"closed","ping_status":"closed","template":"","meta":{"_bbp_topic_count":0,"_bbp_reply_count":0,"_bbp_total_topic_count":0,"_bbp_total_reply_count":0,"_bbp_voice_count":0,"_bbp_anonymous_reply_count":0,"_bbp_topic_count_hidden":0,"_bbp_reply_count_hidden":0,"_bbp_forum_subforum_count":0},"_links":{"self":[{"href":"http:\/\/www.clic-chanteraine.com\/wordpress\/index.php?rest_route=\/wp\/v2\/pages\/96"}],"collection":[{"href":"http:\/\/www.clic-chanteraine.com\/wordpress\/index.php?rest_route=\/wp\/v2\/pages"}],"about":[{"href":"http:\/\/www.clic-chanteraine.com\/wordpress\/index.php?rest_route=\/wp\/v2\/types\/page"}],"author":[{"embeddable":true,"href":"http:\/\/www.clic-chanteraine.com\/wordpress\/index.php?rest_route=\/wp\/v2\/users\/1"}],"replies":[{"embeddable":true,"href":"http:\/\/www.clic-chanteraine.com\/wordpress\/index.php?rest_route=%2Fwp%2Fv2%2Fcomments&post=96"}],"version-history":[{"count":13,"href":"http:\/\/www.clic-chanteraine.com\/wordpress\/index.php?rest_route=\/wp\/v2\/pages\/96\/revisions"}],"predecessor-version":[{"id":3435,"href":"http:\/\/www.clic-chanteraine.com\/wordpress\/index.php?rest_route=\/wp\/v2\/pages\/96\/revisions\/3435"}],"wp:attachment":[{"href":"http:\/\/www.clic-chanteraine.com\/wordpress\/index.php?rest_route=%2Fwp%2Fv2%2Fmedia&parent=96"}],"curies":[{"name":"wp","href":"https:\/\/api.w.org\/{rel}","templated":true}]}}