{"id":98,"date":"2016-05-18T10:22:01","date_gmt":"2016-05-18T09:22:01","guid":{"rendered":"http:\/\/www.clic-chanteraine.com\/?page_id=98"},"modified":"2020-12-14T22:59:58","modified_gmt":"2020-12-14T21:59:58","slug":"les-ordinateurs","status":"publish","type":"page","link":"http:\/\/www.clic-chanteraine.com\/wordpress\/?page_id=98","title":{"rendered":"Les ordinateurs"},"content":{"rendered":"<h3><span style=\"color: #008000;\">Le parc de machines<\/span><\/h3>\n<div id=\"attachment_684\" style=\"width: 310px\" class=\"wp-caption alignleft\"><img aria-describedby=\"caption-attachment-684\" decoding=\"async\" loading=\"lazy\" class=\"wp-image-684 size-medium\" src=\"http:\/\/www.clic-chanteraine.com\/wordpress\/wp-content\/uploads\/2016\/05\/20140630_155105-1024x768-300x225.jpg\" width=\"300\" height=\"225\" srcset=\"http:\/\/www.clic-chanteraine.com\/wordpress\/wp-content\/uploads\/2016\/05\/20140630_155105-1024x768-300x225.jpg 300w, http:\/\/www.clic-chanteraine.com\/wordpress\/wp-content\/uploads\/2016\/05\/20140630_155105-1024x768.jpg 1024w\" sizes=\"(max-width: 300px) 100vw, 300px\" \/><p id=\"caption-attachment-684\" class=\"wp-caption-text\">Ordinateur portable HP<\/p><\/div>\n<div class=\"mceTemp\"><\/div>\n<p style=\"text-align: justify;\">CliC dispose, au 1er juin 2016, de 14 micro-ordinateurs. 13 sont de sa propri\u00e9t\u00e9 1, l&#8217;ordinateur &#8220;tour&#8221; de l&#8217;animateur, appartient \u00e0 la Commune Nouvelle. Ces 13 ordinateurs se d\u00e9composent comme suit :<\/p>\n<ul style=\"text-align: justify;\">\n<li>5 Micro-ordinateurs portables de marque ACER. Ils datent de 2010.<\/li>\n<li>5 Micro-ordinateurs portables de marque Hewlett-Packard (2011)<\/li>\n<li>1 Ordinateur tablette de marque ASUS (2015)<\/li>\n<li>1 Micro-ordinateur portable de marque LENOVO (2014)<\/li>\n<li>1 micro-ordinateur portable de marque SAMSUNG (2012)<\/li>\n<li>1 Micro ordinateur de marque ASUS (achet\u00e9 d&#8217;occasion en 2015)<\/li>\n<\/ul>\n<p style=\"text-align: justify;\">L&#8217;ordinateur &#8220;Tour&#8221; appartenant \u00e0 la Commune Nouvelle est celui du poste de travail de l&#8217;animateur. Il provient d&#8217;un int\u00e9grateur et ne porte pas de marque fabriquant. Il est accompagn\u00e9 d&#8217;un disque dur externe d&#8217;un T\u00e9raoctets.<\/p>\n<div id=\"attachment_687\" style=\"width: 310px\" class=\"wp-caption alignright\"><img aria-describedby=\"caption-attachment-687\" decoding=\"async\" loading=\"lazy\" class=\"wp-image-687 size-medium\" src=\"http:\/\/www.clic-chanteraine.com\/wordpress\/wp-content\/uploads\/2016\/05\/20140630_155053-1024x768-300x225.jpg\" alt=\"20140630_155053-1024x768\" width=\"300\" height=\"225\" srcset=\"http:\/\/www.clic-chanteraine.com\/wordpress\/wp-content\/uploads\/2016\/05\/20140630_155053-1024x768-300x225.jpg 300w, http:\/\/www.clic-chanteraine.com\/wordpress\/wp-content\/uploads\/2016\/05\/20140630_155053-1024x768.jpg 1024w\" sizes=\"(max-width: 300px) 100vw, 300px\" \/><p id=\"caption-attachment-687\" class=\"wp-caption-text\">Ordinateurs portables ACER<\/p><\/div>\n<p style=\"text-align: justify;\">Toutes ces machines sont \u00e9quip\u00e9es du syst\u00e8me d&#8217;exploitation Windows 10 version 1607 (14393). Elles sont \u00e9galement dot\u00e9es de tous les logiciels faisant partie des &#8220;standards de CliC.<\/p>\n<p style=\"text-align: justify;\">Pour ce qui concerne leur int\u00e9gration au r\u00e9seau local, chaque machine porte un nom de ch\u00e2teau fran\u00e7ais. Nous trouvons donc sur le r\u00e9seau Versailles, Chambord &#8230; Vous pouvez-voir sur les photos que les fonds d&#8217;\u00e9cran correspondent aux noms des machines.<\/p>\n<p style=\"text-align: justify;\">Chaque machine poss\u00e8de sa sacoche et est accompagn\u00e9e d&#8217;une souris sans fil depuis le 1er septembre 2016.(oui oui ! .. on a \u00e9t\u00e9 oblig\u00e9 de changer les souris filaires, certains adh\u00e9rents ayant d\u00e9t\u00e9rior\u00e9 les port USB des machines en tentant de les connecter dans le mauvais sens !), de son chargeur et d&#8217;un c\u00e2ble r\u00e9seau. Elles sont syst\u00e9matiquement rang\u00e9es et mises sous cl\u00e9s en fin de r\u00e9union.<\/p>\n","protected":false},"excerpt":{"rendered":"<p>Le parc de machines CliC dispose, au 1er juin 2016, de 14 micro-ordinateurs. 13 sont de sa propri\u00e9t\u00e9 1, l&#8217;ordinateur &#8220;tour&#8221; de l&#8217;animateur, appartient \u00e0 la Commune Nouvelle. Ces 13 ordinateurs se d\u00e9composent comme suit : 5 Micro-ordinateurs portables de marque ACER. Ils datent de <a class=\"more-link\" href=\"http:\/\/www.clic-chanteraine.com\/wordpress\/?page_id=98\">Lire plus &#8230;<\/a><\/p>\n","protected":false},"author":1,"featured_media":0,"parent":0,"menu_order":0,"comment_status":"closed","ping_status":"closed","template":"","meta":{"_bbp_topic_count":0,"_bbp_reply_count":0,"_bbp_total_topic_count":0,"_bbp_total_reply_count":0,"_bbp_voice_count":0,"_bbp_anonymous_reply_count":0,"_bbp_topic_count_hidden":0,"_bbp_reply_count_hidden":0,"_bbp_forum_subforum_count":0},"_links":{"self":[{"href":"http:\/\/www.clic-chanteraine.com\/wordpress\/index.php?rest_route=\/wp\/v2\/pages\/98"}],"collection":[{"href":"http:\/\/www.clic-chanteraine.com\/wordpress\/index.php?rest_route=\/wp\/v2\/pages"}],"about":[{"href":"http:\/\/www.clic-chanteraine.com\/wordpress\/index.php?rest_route=\/wp\/v2\/types\/page"}],"author":[{"embeddable":true,"href":"http:\/\/www.clic-chanteraine.com\/wordpress\/index.php?rest_route=\/wp\/v2\/users\/1"}],"replies":[{"embeddable":true,"href":"http:\/\/www.clic-chanteraine.com\/wordpress\/index.php?rest_route=%2Fwp%2Fv2%2Fcomments&post=98"}],"version-history":[{"count":13,"href":"http:\/\/www.clic-chanteraine.com\/wordpress\/index.php?rest_route=\/wp\/v2\/pages\/98\/revisions"}],"predecessor-version":[{"id":3439,"href":"http:\/\/www.clic-chanteraine.com\/wordpress\/index.php?rest_route=\/wp\/v2\/pages\/98\/revisions\/3439"}],"wp:attachment":[{"href":"http:\/\/www.clic-chanteraine.com\/wordpress\/index.php?rest_route=%2Fwp%2Fv2%2Fmedia&parent=98"}],"curies":[{"name":"wp","href":"https:\/\/api.w.org\/{rel}","templated":true}]}}